{"id":4549,"date":"2023-12-21T15:02:34","date_gmt":"2023-12-21T15:02:34","guid":{"rendered":"https:\/\/lamaisondetanger.com\/?page_id=4549"},"modified":"2026-01-29T22:52:06","modified_gmt":"2026-01-29T22:52:06","slug":"goran-johanson","status":"publish","type":"page","link":"https:\/\/lamaisondetanger.com\/fr\/gallery\/goran-johanson\/","title":{"rendered":"G\u00f6ran Johanson"},"content":{"rendered":"<div data-elementor-type=\"wp-page\" data-elementor-id=\"4549\" class=\"elementor elementor-4549\" data-elementor-post-type=\"page\">\n\t\t\t\t\t\t<section data-particle_enable=\"false\" data-particle-mobile-disabled=\"false\" class=\"elementor-section elementor-top-section elementor-element elementor-element-77c673e elementor-section-boxed elementor-section-height-default elementor-section-height-default\" data-id=\"77c673e\" data-element_type=\"section\" data-e-type=\"section\">\n\t\t\t\t\t\t<div class=\"elementor-container elementor-column-gap-default\">\n\t\t\t\t\t<div class=\"elementor-column elementor-col-100 elementor-top-column elementor-element elementor-element-1588d08\" data-id=\"1588d08\" data-element_type=\"column\" data-e-type=\"column\">\n\t\t\t<div class=\"elementor-widget-wrap elementor-element-populated\">\n\t\t\t\t\t\t<div class=\"elementor-element elementor-element-756c1ec elementor-widget elementor-widget-heading\" data-id=\"756c1ec\" data-element_type=\"widget\" data-e-type=\"widget\" data-widget_type=\"heading.default\">\n\t\t\t\t<div class=\"elementor-widget-container\">\n\t\t\t\t\t<h2 class=\"elementor-heading-title elementor-size-default\">Votre Vue de Tanger<\/h2>\t\t\t\t<\/div>\n\t\t\t\t<\/div>\n\t\t\t\t<div class=\"elementor-element elementor-element-18d8b24 elementor-widget elementor-widget-heading\" data-id=\"18d8b24\" data-element_type=\"widget\" data-e-type=\"widget\" data-widget_type=\"heading.default\">\n\t\t\t\t<div class=\"elementor-widget-container\">\n\t\t\t\t\t<h4 class=\"elementor-heading-title elementor-size-default\">Photographe : G\u00f6ran Johanson<\/h4>\t\t\t\t<\/div>\n\t\t\t\t<\/div>\n\t\t\t\t<div class=\"elementor-element elementor-element-80d9a6c elementor-widget elementor-widget-heading\" data-id=\"80d9a6c\" data-element_type=\"widget\" data-e-type=\"widget\" data-widget_type=\"heading.default\">\n\t\t\t\t<div class=\"elementor-widget-container\">\n\t\t\t\t\t<h6 class=\"elementor-heading-title elementor-size-default\">Pays : Su\u00e8de<\/h6>\t\t\t\t<\/div>\n\t\t\t\t<\/div>\n\t\t\t\t<div class=\"elementor-element elementor-element-03b6e7d elementor-widget elementor-widget-heading\" data-id=\"03b6e7d\" data-element_type=\"widget\" data-e-type=\"widget\" data-widget_type=\"heading.default\">\n\t\t\t\t<div class=\"elementor-widget-container\">\n\t\t\t\t\t<h6 class=\"elementor-heading-title elementor-size-default\">Visite \u00e0 Tanger : \u00c9t\u00e9 2023\n<\/h6>\t\t\t\t<\/div>\n\t\t\t\t<\/div>\n\t\t\t\t<div class=\"elementor-element elementor-element-fc89d5d elementor-widget elementor-widget-text-editor\" data-id=\"fc89d5d\" data-element_type=\"widget\" data-e-type=\"widget\" data-widget_type=\"text-editor.default\">\n\t\t\t\t<div class=\"elementor-widget-container\">\n\t\t\t\t\t\t\t\t\t<div class=\"\"><div class=\"\">Lorsque je voyage, je recherche toujours des destinations qui m'offrent de grandes opportunit\u00e9s pour mon appareil photo, ainsi que des exp\u00e9riences personnelles.\u00a0<\/div><div class=\"\">\u00a0<\/div><div class=\"\">Je pensais \u00e0 Tanger depuis un certain temps et je n\u2019ai pas \u00e9t\u00e9 d\u00e9\u00e7u. Des gens extr\u00eamement sympathiques et accueillants. Un patrimoine culturel diversifi\u00e9. Des petites ruelles interminables et beaucoup de beaut\u00e9 dans la M\u00e9dina.\u00a0<\/div><div class=\"\">\u00a0<\/div><div class=\"\">Photographier les gens au Maroc n\u2019est pas facile. Il m\u2019a fallu beaucoup d\u2019efforts pour que quelques-uns seulement acceptent mes humbles demandes. Mais au moins j\u2019ai r\u00e9ussi \u00e0 en obtenir qui me plaisaient.\u00a0<\/div><div class=\"\">\u00a0<\/div><div class=\"\">Je me suis senti le bienvenu partout et encore plus intens\u00e9ment \u00e0 La Maison.\u00a0<\/div><div class=\"\">\u00a0<\/div><div class=\"\">&#8211; G\u00f6ran<\/div><\/div>\t\t\t\t\t\t\t\t<\/div>\n\t\t\t\t<\/div>\n\t\t\t\t\t<\/div>\n\t\t<\/div>\n\t\t\t\t\t<\/div>\n\t\t<\/section>\n\t\t\t\t<section data-particle_enable=\"false\" data-particle-mobile-disabled=\"false\" class=\"elementor-section elementor-top-section elementor-element elementor-element-cd8195c elementor-section-boxed elementor-section-height-default elementor-section-height-default\" data-id=\"cd8195c\" data-element_type=\"section\" data-e-type=\"section\">\n\t\t\t\t\t\t<div class=\"elementor-container elementor-column-gap-default\">\n\t\t\t\t\t<div class=\"elementor-column elementor-col-100 elementor-top-column elementor-element elementor-element-bf5ed7e\" data-id=\"bf5ed7e\" data-element_type=\"column\" data-e-type=\"column\">\n\t\t\t<div class=\"elementor-widget-wrap elementor-element-populated\">\n\t\t\t\t\t\t<div class=\"elementor-element elementor-element-4878fe7 elementor-widget elementor-widget-gallery\" data-id=\"4878fe7\" data-element_type=\"widget\" data-e-type=\"widget\" data-settings=\"{&quot;gallery_layout&quot;:&quot;justified&quot;,&quot;ideal_row_height&quot;:{&quot;unit&quot;:&quot;px&quot;,&quot;size&quot;:250,&quot;sizes&quot;:[]},&quot;lazyload&quot;:&quot;yes&quot;,&quot;ideal_row_height_tablet&quot;:{&quot;unit&quot;:&quot;px&quot;,&quot;size&quot;:150,&quot;sizes&quot;:[]},&quot;ideal_row_height_mobile&quot;:{&quot;unit&quot;:&quot;px&quot;,&quot;size&quot;:150,&quot;sizes&quot;:[]},&quot;gap&quot;:{&quot;unit&quot;:&quot;px&quot;,&quot;size&quot;:10,&quot;sizes&quot;:[]},&quot;gap_tablet&quot;:{&quot;unit&quot;:&quot;px&quot;,&quot;size&quot;:10,&quot;sizes&quot;:[]},&quot;gap_mobile&quot;:{&quot;unit&quot;:&quot;px&quot;,&quot;size&quot;:10,&quot;sizes&quot;:[]},&quot;link_to&quot;:&quot;file&quot;,&quot;overlay_background&quot;:&quot;yes&quot;,&quot;content_hover_animation&quot;:&quot;fade-in&quot;}\" data-widget_type=\"gallery.default\">\n\t\t\t\t<div class=\"elementor-widget-container\">\n\t\t\t\t\t\t\t<div class=\"elementor-gallery__container\">\n\t\t\t\t\t\t\t<a class=\"e-gallery-item elementor-gallery-item elementor-animated-content\" href=\"https:\/\/lamaisondetanger.com\/wp-content\/uploads\/2023\/12\/PA086411-Redigera.jpeg\" data-elementor-open-lightbox=\"yes\" data-elementor-lightbox-slideshow=\"4878fe7\" data-e-action-hash=\"#elementor-action%3Aaction%3Dlightbox%26settings%3DeyJpZCI6NDU1MiwidXJsIjoiaHR0cHM6XC9cL2xhbWFpc29uZGV0YW5nZXIuY29tXC93cC1jb250ZW50XC91cGxvYWRzXC8yMDIzXC8xMlwvUEEwODY0MTEtUmVkaWdlcmEuanBlZyIsInNsaWRlc2hvdyI6IjQ4NzhmZTcifQ%3D%3D\">\n\t\t\t\t\t<div class=\"e-gallery-image elementor-gallery-item__image\" data-thumbnail=\"https:\/\/lamaisondetanger.com\/wp-content\/uploads\/2023\/12\/PA086411-Redigera.jpeg\" data-width=\"960\" data-height=\"960\" aria-label=\"\" role=\"img\" ><\/div>\n\t\t\t\t\t\t\t\t\t\t\t<div class=\"elementor-gallery-item__overlay\"><\/div>\n\t\t\t\t\t\t\t\t\t\t\t\t\t\t<\/a>\n\t\t\t\t\t\t\t<a class=\"e-gallery-item elementor-gallery-item elementor-animated-content\" href=\"https:\/\/lamaisondetanger.com\/wp-content\/uploads\/2023\/12\/PA086503-Redigera.jpeg\" data-elementor-open-lightbox=\"yes\" data-elementor-lightbox-slideshow=\"4878fe7\" data-e-action-hash=\"#elementor-action%3Aaction%3Dlightbox%26settings%3DeyJpZCI6NDU1MywidXJsIjoiaHR0cHM6XC9cL2xhbWFpc29uZGV0YW5nZXIuY29tXC93cC1jb250ZW50XC91cGxvYWRzXC8yMDIzXC8xMlwvUEEwODY1MDMtUmVkaWdlcmEuanBlZyIsInNsaWRlc2hvdyI6IjQ4NzhmZTcifQ%3D%3D\">\n\t\t\t\t\t<div class=\"e-gallery-image elementor-gallery-item__image\" data-thumbnail=\"https:\/\/lamaisondetanger.com\/wp-content\/uploads\/2023\/12\/PA086503-Redigera-768x1024.jpeg\" data-width=\"768\" data-height=\"1024\" aria-label=\"\" role=\"img\" ><\/div>\n\t\t\t\t\t\t\t\t\t\t\t<div class=\"elementor-gallery-item__overlay\"><\/div>\n\t\t\t\t\t\t\t\t\t\t\t\t\t\t<\/a>\n\t\t\t\t\t\t\t<a class=\"e-gallery-item elementor-gallery-item elementor-animated-content\" href=\"https:\/\/lamaisondetanger.com\/wp-content\/uploads\/2023\/12\/PA034970-Redigera.jpeg\" data-elementor-open-lightbox=\"yes\" data-elementor-lightbox-slideshow=\"4878fe7\" data-e-action-hash=\"#elementor-action%3Aaction%3Dlightbox%26settings%3DeyJpZCI6NDU1NCwidXJsIjoiaHR0cHM6XC9cL2xhbWFpc29uZGV0YW5nZXIuY29tXC93cC1jb250ZW50XC91cGxvYWRzXC8yMDIzXC8xMlwvUEEwMzQ5NzAtUmVkaWdlcmEuanBlZyIsInNsaWRlc2hvdyI6IjQ4NzhmZTcifQ%3D%3D\">\n\t\t\t\t\t<div class=\"e-gallery-image elementor-gallery-item__image\" data-thumbnail=\"https:\/\/lamaisondetanger.com\/wp-content\/uploads\/2023\/12\/PA034970-Redigera-1024x768.jpeg\" data-width=\"1024\" data-height=\"768\" aria-label=\"\" role=\"img\" ><\/div>\n\t\t\t\t\t\t\t\t\t\t\t<div class=\"elementor-gallery-item__overlay\"><\/div>\n\t\t\t\t\t\t\t\t\t\t\t\t\t\t<\/a>\n\t\t\t\t\t\t\t<a class=\"e-gallery-item elementor-gallery-item elementor-animated-content\" href=\"https:\/\/lamaisondetanger.com\/wp-content\/uploads\/2023\/12\/PA035152-Redigera.jpeg\" data-elementor-open-lightbox=\"yes\" data-elementor-lightbox-slideshow=\"4878fe7\" data-e-action-hash=\"#elementor-action%3Aaction%3Dlightbox%26settings%3DeyJpZCI6NDU1NSwidXJsIjoiaHR0cHM6XC9cL2xhbWFpc29uZGV0YW5nZXIuY29tXC93cC1jb250ZW50XC91cGxvYWRzXC8yMDIzXC8xMlwvUEEwMzUxNTItUmVkaWdlcmEuanBlZyIsInNsaWRlc2hvdyI6IjQ4NzhmZTcifQ%3D%3D\">\n\t\t\t\t\t<div class=\"e-gallery-image elementor-gallery-item__image\" data-thumbnail=\"https:\/\/lamaisondetanger.com\/wp-content\/uploads\/2023\/12\/PA035152-Redigera.jpeg\" data-width=\"960\" data-height=\"960\" aria-label=\"\" role=\"img\" ><\/div>\n\t\t\t\t\t\t\t\t\t\t\t<div class=\"elementor-gallery-item__overlay\"><\/div>\n\t\t\t\t\t\t\t\t\t\t\t\t\t\t<\/a>\n\t\t\t\t\t\t\t<a class=\"e-gallery-item elementor-gallery-item elementor-animated-content\" href=\"https:\/\/lamaisondetanger.com\/wp-content\/uploads\/2023\/12\/PA035298-Redigera.jpeg\" data-elementor-open-lightbox=\"yes\" data-elementor-lightbox-slideshow=\"4878fe7\" data-e-action-hash=\"#elementor-action%3Aaction%3Dlightbox%26settings%3DeyJpZCI6NDU1NiwidXJsIjoiaHR0cHM6XC9cL2xhbWFpc29uZGV0YW5nZXIuY29tXC93cC1jb250ZW50XC91cGxvYWRzXC8yMDIzXC8xMlwvUEEwMzUyOTgtUmVkaWdlcmEuanBlZyIsInNsaWRlc2hvdyI6IjQ4NzhmZTcifQ%3D%3D\">\n\t\t\t\t\t<div class=\"e-gallery-image elementor-gallery-item__image\" data-thumbnail=\"https:\/\/lamaisondetanger.com\/wp-content\/uploads\/2023\/12\/PA035298-Redigera-768x1024.jpeg\" data-width=\"768\" data-height=\"1024\" aria-label=\"\" role=\"img\" ><\/div>\n\t\t\t\t\t\t\t\t\t\t\t<div class=\"elementor-gallery-item__overlay\"><\/div>\n\t\t\t\t\t\t\t\t\t\t\t\t\t\t<\/a>\n\t\t\t\t\t\t\t<a class=\"e-gallery-item elementor-gallery-item elementor-animated-content\" href=\"https:\/\/lamaisondetanger.com\/wp-content\/uploads\/2023\/12\/PA035372-Redigera.jpeg\" data-elementor-open-lightbox=\"yes\" data-elementor-lightbox-slideshow=\"4878fe7\" data-e-action-hash=\"#elementor-action%3Aaction%3Dlightbox%26settings%3DeyJpZCI6NDU1NywidXJsIjoiaHR0cHM6XC9cL2xhbWFpc29uZGV0YW5nZXIuY29tXC93cC1jb250ZW50XC91cGxvYWRzXC8yMDIzXC8xMlwvUEEwMzUzNzItUmVkaWdlcmEuanBlZyIsInNsaWRlc2hvdyI6IjQ4NzhmZTcifQ%3D%3D\">\n\t\t\t\t\t<div class=\"e-gallery-image elementor-gallery-item__image\" data-thumbnail=\"https:\/\/lamaisondetanger.com\/wp-content\/uploads\/2023\/12\/PA035372-Redigera-1024x768.jpeg\" data-width=\"1024\" data-height=\"768\" aria-label=\"\" role=\"img\" ><\/div>\n\t\t\t\t\t\t\t\t\t\t\t<div class=\"elementor-gallery-item__overlay\"><\/div>\n\t\t\t\t\t\t\t\t\t\t\t\t\t\t<\/a>\n\t\t\t\t\t\t\t<a class=\"e-gallery-item elementor-gallery-item elementor-animated-content\" href=\"https:\/\/lamaisondetanger.com\/wp-content\/uploads\/2023\/12\/PA055845-Redigera.jpeg\" data-elementor-open-lightbox=\"yes\" data-elementor-lightbox-slideshow=\"4878fe7\" data-e-action-hash=\"#elementor-action%3Aaction%3Dlightbox%26settings%3DeyJpZCI6NDU1OCwidXJsIjoiaHR0cHM6XC9cL2xhbWFpc29uZGV0YW5nZXIuY29tXC93cC1jb250ZW50XC91cGxvYWRzXC8yMDIzXC8xMlwvUEEwNTU4NDUtUmVkaWdlcmEuanBlZyIsInNsaWRlc2hvdyI6IjQ4NzhmZTcifQ%3D%3D\">\n\t\t\t\t\t<div class=\"e-gallery-image elementor-gallery-item__image\" data-thumbnail=\"https:\/\/lamaisondetanger.com\/wp-content\/uploads\/2023\/12\/PA055845-Redigera-1024x768.jpeg\" data-width=\"1024\" data-height=\"768\" aria-label=\"\" role=\"img\" ><\/div>\n\t\t\t\t\t\t\t\t\t\t\t<div class=\"elementor-gallery-item__overlay\"><\/div>\n\t\t\t\t\t\t\t\t\t\t\t\t\t\t<\/a>\n\t\t\t\t\t\t\t<a class=\"e-gallery-item elementor-gallery-item elementor-animated-content\" href=\"https:\/\/lamaisondetanger.com\/wp-content\/uploads\/2023\/12\/PA045640-Redigera.jpeg\" data-elementor-open-lightbox=\"yes\" data-elementor-lightbox-slideshow=\"4878fe7\" data-e-action-hash=\"#elementor-action%3Aaction%3Dlightbox%26settings%3DeyJpZCI6NDU1OSwidXJsIjoiaHR0cHM6XC9cL2xhbWFpc29uZGV0YW5nZXIuY29tXC93cC1jb250ZW50XC91cGxvYWRzXC8yMDIzXC8xMlwvUEEwNDU2NDAtUmVkaWdlcmEuanBlZyIsInNsaWRlc2hvdyI6IjQ4NzhmZTcifQ%3D%3D\">\n\t\t\t\t\t<div class=\"e-gallery-image elementor-gallery-item__image\" data-thumbnail=\"https:\/\/lamaisondetanger.com\/wp-content\/uploads\/2023\/12\/PA045640-Redigera.jpeg\" data-width=\"960\" data-height=\"960\" aria-label=\"\" role=\"img\" ><\/div>\n\t\t\t\t\t\t\t\t\t\t\t<div class=\"elementor-gallery-item__overlay\"><\/div>\n\t\t\t\t\t\t\t\t\t\t\t\t\t\t<\/a>\n\t\t\t\t\t\t\t<a class=\"e-gallery-item elementor-gallery-item elementor-animated-content\" href=\"https:\/\/lamaisondetanger.com\/wp-content\/uploads\/2023\/12\/PA035099-Redigera.jpeg\" data-elementor-open-lightbox=\"yes\" data-elementor-lightbox-slideshow=\"4878fe7\" data-e-action-hash=\"#elementor-action%3Aaction%3Dlightbox%26settings%3DeyJpZCI6NDU2MCwidXJsIjoiaHR0cHM6XC9cL2xhbWFpc29uZGV0YW5nZXIuY29tXC93cC1jb250ZW50XC91cGxvYWRzXC8yMDIzXC8xMlwvUEEwMzUwOTktUmVkaWdlcmEuanBlZyIsInNsaWRlc2hvdyI6IjQ4NzhmZTcifQ%3D%3D\">\n\t\t\t\t\t<div class=\"e-gallery-image elementor-gallery-item__image\" data-thumbnail=\"https:\/\/lamaisondetanger.com\/wp-content\/uploads\/2023\/12\/PA035099-Redigera-768x1024.jpeg\" data-width=\"768\" data-height=\"1024\" aria-label=\"\" role=\"img\" ><\/div>\n\t\t\t\t\t\t\t\t\t\t\t<div class=\"elementor-gallery-item__overlay\"><\/div>\n\t\t\t\t\t\t\t\t\t\t\t\t\t\t<\/a>\n\t\t\t\t\t\t\t<a class=\"e-gallery-item elementor-gallery-item elementor-animated-content\" href=\"https:\/\/lamaisondetanger.com\/wp-content\/uploads\/2023\/12\/PA035111.jpeg\" data-elementor-open-lightbox=\"yes\" data-elementor-lightbox-slideshow=\"4878fe7\" data-e-action-hash=\"#elementor-action%3Aaction%3Dlightbox%26settings%3DeyJpZCI6NDU2MSwidXJsIjoiaHR0cHM6XC9cL2xhbWFpc29uZGV0YW5nZXIuY29tXC93cC1jb250ZW50XC91cGxvYWRzXC8yMDIzXC8xMlwvUEEwMzUxMTEuanBlZyIsInNsaWRlc2hvdyI6IjQ4NzhmZTcifQ%3D%3D\">\n\t\t\t\t\t<div class=\"e-gallery-image elementor-gallery-item__image\" data-thumbnail=\"https:\/\/lamaisondetanger.com\/wp-content\/uploads\/2023\/12\/PA035111-1024x682.jpeg\" data-width=\"1024\" data-height=\"682\" aria-label=\"\" role=\"img\" ><\/div>\n\t\t\t\t\t\t\t\t\t\t\t<div class=\"elementor-gallery-item__overlay\"><\/div>\n\t\t\t\t\t\t\t\t\t\t\t\t\t\t<\/a>\n\t\t\t\t\t\t\t<a class=\"e-gallery-item elementor-gallery-item elementor-animated-content\" href=\"https:\/\/lamaisondetanger.com\/wp-content\/uploads\/2023\/12\/PA055717-Redigera-2.jpeg\" data-elementor-open-lightbox=\"yes\" data-elementor-lightbox-slideshow=\"4878fe7\" data-e-action-hash=\"#elementor-action%3Aaction%3Dlightbox%26settings%3DeyJpZCI6NDU2MiwidXJsIjoiaHR0cHM6XC9cL2xhbWFpc29uZGV0YW5nZXIuY29tXC93cC1jb250ZW50XC91cGxvYWRzXC8yMDIzXC8xMlwvUEEwNTU3MTctUmVkaWdlcmEtMi5qcGVnIiwic2xpZGVzaG93IjoiNDg3OGZlNyJ9\">\n\t\t\t\t\t<div class=\"e-gallery-image elementor-gallery-item__image\" data-thumbnail=\"https:\/\/lamaisondetanger.com\/wp-content\/uploads\/2023\/12\/PA055717-Redigera-2-767x1024.jpeg\" data-width=\"767\" data-height=\"1024\" aria-label=\"\" role=\"img\" ><\/div>\n\t\t\t\t\t\t\t\t\t\t\t<div class=\"elementor-gallery-item__overlay\"><\/div>\n\t\t\t\t\t\t\t\t\t\t\t\t\t\t<\/a>\n\t\t\t\t\t\t\t<a class=\"e-gallery-item elementor-gallery-item elementor-animated-content\" href=\"https:\/\/lamaisondetanger.com\/wp-content\/uploads\/2023\/12\/PA076238-Redigera.jpeg\" data-elementor-open-lightbox=\"yes\" data-elementor-lightbox-slideshow=\"4878fe7\" data-e-action-hash=\"#elementor-action%3Aaction%3Dlightbox%26settings%3DeyJpZCI6NDU2MywidXJsIjoiaHR0cHM6XC9cL2xhbWFpc29uZGV0YW5nZXIuY29tXC93cC1jb250ZW50XC91cGxvYWRzXC8yMDIzXC8xMlwvUEEwNzYyMzgtUmVkaWdlcmEuanBlZyIsInNsaWRlc2hvdyI6IjQ4NzhmZTcifQ%3D%3D\">\n\t\t\t\t\t<div class=\"e-gallery-image elementor-gallery-item__image\" data-thumbnail=\"https:\/\/lamaisondetanger.com\/wp-content\/uploads\/2023\/12\/PA076238-Redigera.jpeg\" data-width=\"960\" data-height=\"960\" aria-label=\"\" role=\"img\" ><\/div>\n\t\t\t\t\t\t\t\t\t\t\t<div class=\"elementor-gallery-item__overlay\"><\/div>\n\t\t\t\t\t\t\t\t\t\t\t\t\t\t<\/a>\n\t\t\t\t\t<\/div>\n\t\t\t\t\t<\/div>\n\t\t\t\t<\/div>\n\t\t\t\t\t<\/div>\n\t\t<\/div>\n\t\t\t\t\t<\/div>\n\t\t<\/section>\n\t\t\t\t<\/div>","protected":false},"excerpt":{"rendered":"<p>Your View of Tangier Photographer: G\u00f6ran Johanson Country: Sweden In Tangier: Summer 2023 When travelling, I always look for destinations that give me great opportunities for my camera, as well as personal experiences.\u00a0\u00a0Tangier had been on my mind for some time, and it didn\u2019t disappoint. Extremely friendly and welcoming people. A diverse cultural heritage. Endless &#8230; <a title=\"G\u00f6ran Johanson\" class=\"read-more\" href=\"https:\/\/lamaisondetanger.com\/fr\/gallery\/goran-johanson\/\" aria-label=\"En savoir plus sur G\u00f6ran Johanson\">Lire la suite<\/a><\/p>","protected":false},"author":12,"featured_media":0,"parent":4540,"menu_order":0,"comment_status":"closed","ping_status":"closed","template":"","meta":{"_eb_attr":"","footnotes":""},"class_list":["post-4549","page","type-page","status-publish"],"_links":{"self":[{"href":"https:\/\/lamaisondetanger.com\/fr\/wp-json\/wp\/v2\/pages\/4549","targetHints":{"allow":["GET"]}}],"collection":[{"href":"https:\/\/lamaisondetanger.com\/fr\/wp-json\/wp\/v2\/pages"}],"about":[{"href":"https:\/\/lamaisondetanger.com\/fr\/wp-json\/wp\/v2\/types\/page"}],"author":[{"embeddable":true,"href":"https:\/\/lamaisondetanger.com\/fr\/wp-json\/wp\/v2\/users\/12"}],"replies":[{"embeddable":true,"href":"https:\/\/lamaisondetanger.com\/fr\/wp-json\/wp\/v2\/comments?post=4549"}],"version-history":[{"count":16,"href":"https:\/\/lamaisondetanger.com\/fr\/wp-json\/wp\/v2\/pages\/4549\/revisions"}],"predecessor-version":[{"id":5612,"href":"https:\/\/lamaisondetanger.com\/fr\/wp-json\/wp\/v2\/pages\/4549\/revisions\/5612"}],"up":[{"embeddable":true,"href":"https:\/\/lamaisondetanger.com\/fr\/wp-json\/wp\/v2\/pages\/4540"}],"wp:attachment":[{"href":"https:\/\/lamaisondetanger.com\/fr\/wp-json\/wp\/v2\/media?parent=4549"}],"curies":[{"name":"wp","href":"https:\/\/api.w.org\/{rel}","templated":true}]}}