{"id":3753,"date":"2021-11-18T22:18:56","date_gmt":"2021-11-18T22:18:56","guid":{"rendered":"https:\/\/lamaisondetanger.com\/?page_id=3753"},"modified":"2026-01-30T02:35:42","modified_gmt":"2026-01-30T02:35:42","slug":"the-rooftop","status":"publish","type":"page","link":"https:\/\/lamaisondetanger.com\/fr\/the-rooftop\/","title":{"rendered":"La terrasse"},"content":{"rendered":"<div data-elementor-type=\"wp-page\" data-elementor-id=\"3753\" class=\"elementor elementor-3753\" data-elementor-post-type=\"page\">\n\t\t\t\t\t\t<section data-particle_enable=\"false\" data-particle-mobile-disabled=\"false\" class=\"elementor-section elementor-top-section elementor-element elementor-element-5f60f55 elementor-section-boxed elementor-section-height-default elementor-section-height-default\" data-id=\"5f60f55\" data-element_type=\"section\" data-e-type=\"section\">\n\t\t\t\t\t\t<div class=\"elementor-container elementor-column-gap-default\">\n\t\t\t\t\t<div class=\"elementor-column elementor-col-100 elementor-top-column elementor-element elementor-element-5a4e9e7\" data-id=\"5a4e9e7\" data-element_type=\"column\" data-e-type=\"column\">\n\t\t\t<div class=\"elementor-widget-wrap elementor-element-populated\">\n\t\t\t\t\t\t<div class=\"elementor-element elementor-element-f40908 elementor-widget elementor-widget-heading\" data-id=\"f40908\" data-element_type=\"widget\" data-e-type=\"widget\" data-widget_type=\"heading.default\">\n\t\t\t\t<div class=\"elementor-widget-container\">\n\t\t\t\t\t<h2 class=\"elementor-heading-title elementor-size-default\">Notre terrasse<\/h2>\t\t\t\t<\/div>\n\t\t\t\t<\/div>\n\t\t\t\t<div class=\"elementor-element elementor-element-4878ddf8 elementor-widget elementor-widget-text-editor\" data-id=\"4878ddf8\" data-element_type=\"widget\" data-e-type=\"widget\" data-widget_type=\"text-editor.default\">\n\t\t\t\t<div class=\"elementor-widget-container\">\n\t\t\t\t\t\t\t\t\t<p>Pour les amateurs de soleil et de farniente, la maison d\u2019h\u00f4tes a am\u00e9nag\u00e9 son toit-terrasse. Verdure, pergola, larges banquettes, transats, vue sur la mer, chants d\u2019oiseaux, tous les ingr\u00e9dients sont r\u00e9unis pour \u00e9veiller les sens. Les h\u00f4tes peuvent \u00e0 loisir y savourer leur petit d\u00e9jeuner, siroter un verre au calme, ou encore \u00e9changer avec leurs voisins.<\/p><p>Que l\u2019on soit bain de soleil ou coin d\u2019ombre, c\u2019est l\u2019endroit id\u00e9al pour \u00e9chapper au tumulte tang\u00e9rois.<\/p><p>Heures d\u2019ensoleillement : Toute la journ\u00e9e non stop<\/p>\t\t\t\t\t\t\t\t<\/div>\n\t\t\t\t<\/div>\n\t\t\t\t\t<\/div>\n\t\t<\/div>\n\t\t\t\t\t<\/div>\n\t\t<\/section>\n\t\t\t\t<section data-particle_enable=\"false\" data-particle-mobile-disabled=\"false\" class=\"elementor-section elementor-top-section elementor-element elementor-element-5236a22c elementor-section-boxed elementor-section-height-default elementor-section-height-default\" data-id=\"5236a22c\" data-element_type=\"section\" data-e-type=\"section\">\n\t\t\t\t\t\t<div class=\"elementor-container elementor-column-gap-default\">\n\t\t\t\t\t<div class=\"elementor-column elementor-col-100 elementor-top-column elementor-element elementor-element-3292b69\" data-id=\"3292b69\" data-element_type=\"column\" data-e-type=\"column\">\n\t\t\t<div class=\"elementor-widget-wrap elementor-element-populated\">\n\t\t\t\t\t\t<div class=\"elementor-element elementor-element-39fdf647 elementor-widget elementor-widget-gallery\" data-id=\"39fdf647\" data-element_type=\"widget\" data-e-type=\"widget\" data-settings=\"{&quot;gallery_layout&quot;:&quot;justified&quot;,&quot;ideal_row_height&quot;:{&quot;unit&quot;:&quot;px&quot;,&quot;size&quot;:375,&quot;sizes&quot;:[]},&quot;ideal_row_height_tablet&quot;:{&quot;unit&quot;:&quot;px&quot;,&quot;size&quot;:188,&quot;sizes&quot;:[]},&quot;ideal_row_height_mobile&quot;:{&quot;unit&quot;:&quot;px&quot;,&quot;size&quot;:170,&quot;sizes&quot;:[]},&quot;lazyload&quot;:&quot;yes&quot;,&quot;gap&quot;:{&quot;unit&quot;:&quot;px&quot;,&quot;size&quot;:10,&quot;sizes&quot;:[]},&quot;gap_tablet&quot;:{&quot;unit&quot;:&quot;px&quot;,&quot;size&quot;:10,&quot;sizes&quot;:[]},&quot;gap_mobile&quot;:{&quot;unit&quot;:&quot;px&quot;,&quot;size&quot;:10,&quot;sizes&quot;:[]},&quot;link_to&quot;:&quot;file&quot;,&quot;overlay_background&quot;:&quot;yes&quot;,&quot;content_hover_animation&quot;:&quot;fade-in&quot;}\" data-widget_type=\"gallery.default\">\n\t\t\t\t<div class=\"elementor-widget-container\">\n\t\t\t\t\t\t\t<div class=\"elementor-gallery__container\">\n\t\t\t\t\t\t\t<a class=\"e-gallery-item elementor-gallery-item elementor-animated-content\" href=\"https:\/\/lamaisondetanger.com\/wp-content\/uploads\/2021\/11\/lamaisondetanger_gallery_spaces_07.jpg\" data-elementor-open-lightbox=\"yes\" data-elementor-lightbox-slideshow=\"39fdf647\" data-e-action-hash=\"#elementor-action%3Aaction%3Dlightbox%26settings%3DeyJpZCI6MzY3MiwidXJsIjoiaHR0cHM6XC9cL2xhbWFpc29uZGV0YW5nZXIuY29tXC93cC1jb250ZW50XC91cGxvYWRzXC8yMDIxXC8xMVwvbGFtYWlzb25kZXRhbmdlcl9nYWxsZXJ5X3NwYWNlc18wNy5qcGciLCJzbGlkZXNob3ciOiIzOWZkZjY0NyJ9\">\n\t\t\t\t\t<div class=\"e-gallery-image elementor-gallery-item__image\" data-thumbnail=\"https:\/\/lamaisondetanger.com\/wp-content\/uploads\/2021\/11\/lamaisondetanger_gallery_spaces_07-1024x683.jpg\" data-width=\"1024\" data-height=\"683\" aria-label=\"\" role=\"img\" ><\/div>\n\t\t\t\t\t\t\t\t\t\t\t<div class=\"elementor-gallery-item__overlay\"><\/div>\n\t\t\t\t\t\t\t\t\t\t\t\t\t\t<\/a>\n\t\t\t\t\t\t\t<a class=\"e-gallery-item elementor-gallery-item elementor-animated-content\" href=\"https:\/\/lamaisondetanger.com\/wp-content\/uploads\/2021\/11\/lamaisondetanger_gallery_spaces_06.jpg\" data-elementor-open-lightbox=\"yes\" data-elementor-lightbox-slideshow=\"39fdf647\" data-e-action-hash=\"#elementor-action%3Aaction%3Dlightbox%26settings%3DeyJpZCI6MzY3MSwidXJsIjoiaHR0cHM6XC9cL2xhbWFpc29uZGV0YW5nZXIuY29tXC93cC1jb250ZW50XC91cGxvYWRzXC8yMDIxXC8xMVwvbGFtYWlzb25kZXRhbmdlcl9nYWxsZXJ5X3NwYWNlc18wNi5qcGciLCJzbGlkZXNob3ciOiIzOWZkZjY0NyJ9\">\n\t\t\t\t\t<div class=\"e-gallery-image elementor-gallery-item__image\" data-thumbnail=\"https:\/\/lamaisondetanger.com\/wp-content\/uploads\/2021\/11\/lamaisondetanger_gallery_spaces_06-683x1024.jpg\" data-width=\"683\" data-height=\"1024\" aria-label=\"\" role=\"img\" ><\/div>\n\t\t\t\t\t\t\t\t\t\t\t<div class=\"elementor-gallery-item__overlay\"><\/div>\n\t\t\t\t\t\t\t\t\t\t\t\t\t\t<\/a>\n\t\t\t\t\t\t\t<a class=\"e-gallery-item elementor-gallery-item elementor-animated-content\" href=\"https:\/\/lamaisondetanger.com\/wp-content\/uploads\/2021\/11\/lamaisondetanger_jardin-rooftop_0038.jpg\" data-elementor-open-lightbox=\"yes\" data-elementor-lightbox-slideshow=\"39fdf647\" data-e-action-hash=\"#elementor-action%3Aaction%3Dlightbox%26settings%3DeyJpZCI6MzczMywidXJsIjoiaHR0cHM6XC9cL2xhbWFpc29uZGV0YW5nZXIuY29tXC93cC1jb250ZW50XC91cGxvYWRzXC8yMDIxXC8xMVwvbGFtYWlzb25kZXRhbmdlcl9qYXJkaW4tcm9vZnRvcF8wMDM4LmpwZyIsInNsaWRlc2hvdyI6IjM5ZmRmNjQ3In0%3D\">\n\t\t\t\t\t<div class=\"e-gallery-image elementor-gallery-item__image\" data-thumbnail=\"https:\/\/lamaisondetanger.com\/wp-content\/uploads\/2021\/11\/lamaisondetanger_jardin-rooftop_0038-683x1024.jpg\" data-width=\"683\" data-height=\"1024\" aria-label=\"\" role=\"img\" ><\/div>\n\t\t\t\t\t\t\t\t\t\t\t<div class=\"elementor-gallery-item__overlay\"><\/div>\n\t\t\t\t\t\t\t\t\t\t\t\t\t\t<\/a>\n\t\t\t\t\t\t\t<a class=\"e-gallery-item elementor-gallery-item elementor-animated-content\" href=\"https:\/\/lamaisondetanger.com\/wp-content\/uploads\/2021\/11\/lamaisondetanger_jardin-rooftop_0052.jpg\" data-elementor-open-lightbox=\"yes\" data-elementor-lightbox-slideshow=\"39fdf647\" data-e-action-hash=\"#elementor-action%3Aaction%3Dlightbox%26settings%3DeyJpZCI6MzczNCwidXJsIjoiaHR0cHM6XC9cL2xhbWFpc29uZGV0YW5nZXIuY29tXC93cC1jb250ZW50XC91cGxvYWRzXC8yMDIxXC8xMVwvbGFtYWlzb25kZXRhbmdlcl9qYXJkaW4tcm9vZnRvcF8wMDUyLmpwZyIsInNsaWRlc2hvdyI6IjM5ZmRmNjQ3In0%3D\">\n\t\t\t\t\t<div class=\"e-gallery-image elementor-gallery-item__image\" data-thumbnail=\"https:\/\/lamaisondetanger.com\/wp-content\/uploads\/2021\/11\/lamaisondetanger_jardin-rooftop_0052-1024x683.jpg\" data-width=\"1024\" data-height=\"683\" aria-label=\"\" role=\"img\" ><\/div>\n\t\t\t\t\t\t\t\t\t\t\t<div class=\"elementor-gallery-item__overlay\"><\/div>\n\t\t\t\t\t\t\t\t\t\t\t\t\t\t<\/a>\n\t\t\t\t\t\t\t<a class=\"e-gallery-item elementor-gallery-item elementor-animated-content\" href=\"https:\/\/lamaisondetanger.com\/wp-content\/uploads\/2021\/11\/lamaisondetanger_gallery_spaces_05.jpg\" data-elementor-open-lightbox=\"yes\" data-elementor-lightbox-slideshow=\"39fdf647\" data-e-action-hash=\"#elementor-action%3Aaction%3Dlightbox%26settings%3DeyJpZCI6MzY3MCwidXJsIjoiaHR0cHM6XC9cL2xhbWFpc29uZGV0YW5nZXIuY29tXC93cC1jb250ZW50XC91cGxvYWRzXC8yMDIxXC8xMVwvbGFtYWlzb25kZXRhbmdlcl9nYWxsZXJ5X3NwYWNlc18wNS5qcGciLCJzbGlkZXNob3ciOiIzOWZkZjY0NyJ9\">\n\t\t\t\t\t<div class=\"e-gallery-image elementor-gallery-item__image\" data-thumbnail=\"https:\/\/lamaisondetanger.com\/wp-content\/uploads\/2021\/11\/lamaisondetanger_gallery_spaces_05-1024x683.jpg\" data-width=\"1024\" data-height=\"683\" aria-label=\"\" role=\"img\" ><\/div>\n\t\t\t\t\t\t\t\t\t\t\t<div class=\"elementor-gallery-item__overlay\"><\/div>\n\t\t\t\t\t\t\t\t\t\t\t\t\t\t<\/a>\n\t\t\t\t\t\t\t<a class=\"e-gallery-item elementor-gallery-item elementor-animated-content\" href=\"https:\/\/lamaisondetanger.com\/wp-content\/uploads\/2021\/11\/lamaisondetanger_jardin-rooftop_0098.jpg\" data-elementor-open-lightbox=\"yes\" data-elementor-lightbox-slideshow=\"39fdf647\" data-e-action-hash=\"#elementor-action%3Aaction%3Dlightbox%26settings%3DeyJpZCI6MzczNSwidXJsIjoiaHR0cHM6XC9cL2xhbWFpc29uZGV0YW5nZXIuY29tXC93cC1jb250ZW50XC91cGxvYWRzXC8yMDIxXC8xMVwvbGFtYWlzb25kZXRhbmdlcl9qYXJkaW4tcm9vZnRvcF8wMDk4LmpwZyIsInNsaWRlc2hvdyI6IjM5ZmRmNjQ3In0%3D\">\n\t\t\t\t\t<div class=\"e-gallery-image elementor-gallery-item__image\" data-thumbnail=\"https:\/\/lamaisondetanger.com\/wp-content\/uploads\/2021\/11\/lamaisondetanger_jardin-rooftop_0098-683x1024.jpg\" data-width=\"683\" data-height=\"1024\" aria-label=\"\" role=\"img\" ><\/div>\n\t\t\t\t\t\t\t\t\t\t\t<div class=\"elementor-gallery-item__overlay\"><\/div>\n\t\t\t\t\t\t\t\t\t\t\t\t\t\t<\/a>\n\t\t\t\t\t\t\t<a class=\"e-gallery-item elementor-gallery-item elementor-animated-content\" href=\"https:\/\/lamaisondetanger.com\/wp-content\/uploads\/2021\/11\/lamaisondetanger_jardin-rooftop_0063.jpg\" data-elementor-open-lightbox=\"yes\" data-elementor-lightbox-slideshow=\"39fdf647\" data-e-action-hash=\"#elementor-action%3Aaction%3Dlightbox%26settings%3DeyJpZCI6MzczNiwidXJsIjoiaHR0cHM6XC9cL2xhbWFpc29uZGV0YW5nZXIuY29tXC93cC1jb250ZW50XC91cGxvYWRzXC8yMDIxXC8xMVwvbGFtYWlzb25kZXRhbmdlcl9qYXJkaW4tcm9vZnRvcF8wMDYzLmpwZyIsInNsaWRlc2hvdyI6IjM5ZmRmNjQ3In0%3D\">\n\t\t\t\t\t<div class=\"e-gallery-image elementor-gallery-item__image\" data-thumbnail=\"https:\/\/lamaisondetanger.com\/wp-content\/uploads\/2021\/11\/lamaisondetanger_jardin-rooftop_0063-1024x683.jpg\" data-width=\"1024\" data-height=\"683\" aria-label=\"\" role=\"img\" ><\/div>\n\t\t\t\t\t\t\t\t\t\t\t<div class=\"elementor-gallery-item__overlay\"><\/div>\n\t\t\t\t\t\t\t\t\t\t\t\t\t\t<\/a>\n\t\t\t\t\t\t\t<a class=\"e-gallery-item elementor-gallery-item elementor-animated-content\" href=\"https:\/\/lamaisondetanger.com\/wp-content\/uploads\/2021\/11\/lamaisondetanger_gallery_spaces_08.jpg\" data-elementor-open-lightbox=\"yes\" data-elementor-lightbox-slideshow=\"39fdf647\" data-e-action-hash=\"#elementor-action%3Aaction%3Dlightbox%26settings%3DeyJpZCI6MzY3MywidXJsIjoiaHR0cHM6XC9cL2xhbWFpc29uZGV0YW5nZXIuY29tXC93cC1jb250ZW50XC91cGxvYWRzXC8yMDIxXC8xMVwvbGFtYWlzb25kZXRhbmdlcl9nYWxsZXJ5X3NwYWNlc18wOC5qcGciLCJzbGlkZXNob3ciOiIzOWZkZjY0NyJ9\">\n\t\t\t\t\t<div class=\"e-gallery-image elementor-gallery-item__image\" data-thumbnail=\"https:\/\/lamaisondetanger.com\/wp-content\/uploads\/2021\/11\/lamaisondetanger_gallery_spaces_08-683x1024.jpg\" data-width=\"683\" data-height=\"1024\" aria-label=\"\" role=\"img\" ><\/div>\n\t\t\t\t\t\t\t\t\t\t\t<div class=\"elementor-gallery-item__overlay\"><\/div>\n\t\t\t\t\t\t\t\t\t\t\t\t\t\t<\/a>\n\t\t\t\t\t\t\t<a class=\"e-gallery-item elementor-gallery-item elementor-animated-content\" href=\"https:\/\/lamaisondetanger.com\/wp-content\/uploads\/2021\/11\/lamaisondetanger_jardin-rooftop_0204.jpg\" data-elementor-open-lightbox=\"yes\" data-elementor-lightbox-slideshow=\"39fdf647\" data-e-action-hash=\"#elementor-action%3Aaction%3Dlightbox%26settings%3DeyJpZCI6MzczNywidXJsIjoiaHR0cHM6XC9cL2xhbWFpc29uZGV0YW5nZXIuY29tXC93cC1jb250ZW50XC91cGxvYWRzXC8yMDIxXC8xMVwvbGFtYWlzb25kZXRhbmdlcl9qYXJkaW4tcm9vZnRvcF8wMjA0LmpwZyIsInNsaWRlc2hvdyI6IjM5ZmRmNjQ3In0%3D\">\n\t\t\t\t\t<div class=\"e-gallery-image elementor-gallery-item__image\" data-thumbnail=\"https:\/\/lamaisondetanger.com\/wp-content\/uploads\/2021\/11\/lamaisondetanger_jardin-rooftop_0204-1024x683.jpg\" data-width=\"1024\" data-height=\"683\" aria-label=\"\" role=\"img\" ><\/div>\n\t\t\t\t\t\t\t\t\t\t\t<div class=\"elementor-gallery-item__overlay\"><\/div>\n\t\t\t\t\t\t\t\t\t\t\t\t\t\t<\/a>\n\t\t\t\t\t\t\t<a class=\"e-gallery-item elementor-gallery-item elementor-animated-content\" href=\"https:\/\/lamaisondetanger.com\/wp-content\/uploads\/2021\/11\/lamaisondetanger_jardin-rooftop_0044.jpg\" data-elementor-open-lightbox=\"yes\" data-elementor-lightbox-slideshow=\"39fdf647\" data-e-action-hash=\"#elementor-action%3Aaction%3Dlightbox%26settings%3DeyJpZCI6MzczOCwidXJsIjoiaHR0cHM6XC9cL2xhbWFpc29uZGV0YW5nZXIuY29tXC93cC1jb250ZW50XC91cGxvYWRzXC8yMDIxXC8xMVwvbGFtYWlzb25kZXRhbmdlcl9qYXJkaW4tcm9vZnRvcF8wMDQ0LmpwZyIsInNsaWRlc2hvdyI6IjM5ZmRmNjQ3In0%3D\">\n\t\t\t\t\t<div class=\"e-gallery-image elementor-gallery-item__image\" data-thumbnail=\"https:\/\/lamaisondetanger.com\/wp-content\/uploads\/2021\/11\/lamaisondetanger_jardin-rooftop_0044-1024x683.jpg\" data-width=\"1024\" data-height=\"683\" aria-label=\"\" role=\"img\" ><\/div>\n\t\t\t\t\t\t\t\t\t\t\t<div class=\"elementor-gallery-item__overlay\"><\/div>\n\t\t\t\t\t\t\t\t\t\t\t\t\t\t<\/a>\n\t\t\t\t\t\t\t<a class=\"e-gallery-item elementor-gallery-item elementor-animated-content\" href=\"https:\/\/lamaisondetanger.com\/wp-content\/uploads\/2021\/11\/lamaisondetanger_jardin-rooftop_0056.jpg\" data-elementor-open-lightbox=\"yes\" data-elementor-lightbox-slideshow=\"39fdf647\" data-e-action-hash=\"#elementor-action%3Aaction%3Dlightbox%26settings%3DeyJpZCI6MzczOSwidXJsIjoiaHR0cHM6XC9cL2xhbWFpc29uZGV0YW5nZXIuY29tXC93cC1jb250ZW50XC91cGxvYWRzXC8yMDIxXC8xMVwvbGFtYWlzb25kZXRhbmdlcl9qYXJkaW4tcm9vZnRvcF8wMDU2LmpwZyIsInNsaWRlc2hvdyI6IjM5ZmRmNjQ3In0%3D\">\n\t\t\t\t\t<div class=\"e-gallery-image elementor-gallery-item__image\" data-thumbnail=\"https:\/\/lamaisondetanger.com\/wp-content\/uploads\/2021\/11\/lamaisondetanger_jardin-rooftop_0056-683x1024.jpg\" data-width=\"683\" data-height=\"1024\" aria-label=\"\" role=\"img\" ><\/div>\n\t\t\t\t\t\t\t\t\t\t\t<div class=\"elementor-gallery-item__overlay\"><\/div>\n\t\t\t\t\t\t\t\t\t\t\t\t\t\t<\/a>\n\t\t\t\t\t\t\t<a class=\"e-gallery-item elementor-gallery-item elementor-animated-content\" href=\"https:\/\/lamaisondetanger.com\/wp-content\/uploads\/2021\/11\/lamaisondetanger_jardin-rooftop_0065.jpg\" data-elementor-open-lightbox=\"yes\" data-elementor-lightbox-slideshow=\"39fdf647\" data-e-action-hash=\"#elementor-action%3Aaction%3Dlightbox%26settings%3DeyJpZCI6Mzc0MCwidXJsIjoiaHR0cHM6XC9cL2xhbWFpc29uZGV0YW5nZXIuY29tXC93cC1jb250ZW50XC91cGxvYWRzXC8yMDIxXC8xMVwvbGFtYWlzb25kZXRhbmdlcl9qYXJkaW4tcm9vZnRvcF8wMDY1LmpwZyIsInNsaWRlc2hvdyI6IjM5ZmRmNjQ3In0%3D\">\n\t\t\t\t\t<div class=\"e-gallery-image elementor-gallery-item__image\" data-thumbnail=\"https:\/\/lamaisondetanger.com\/wp-content\/uploads\/2021\/11\/lamaisondetanger_jardin-rooftop_0065-1024x683.jpg\" data-width=\"1024\" data-height=\"683\" aria-label=\"\" role=\"img\" ><\/div>\n\t\t\t\t\t\t\t\t\t\t\t<div class=\"elementor-gallery-item__overlay\"><\/div>\n\t\t\t\t\t\t\t\t\t\t\t\t\t\t<\/a>\n\t\t\t\t\t\t\t<a class=\"e-gallery-item elementor-gallery-item elementor-animated-content\" href=\"https:\/\/lamaisondetanger.com\/wp-content\/uploads\/2021\/11\/lamaisondetanger_jardin-rooftop_0184.jpg\" data-elementor-open-lightbox=\"yes\" data-elementor-lightbox-slideshow=\"39fdf647\" data-e-action-hash=\"#elementor-action%3Aaction%3Dlightbox%26settings%3DeyJpZCI6Mzc0MSwidXJsIjoiaHR0cHM6XC9cL2xhbWFpc29uZGV0YW5nZXIuY29tXC93cC1jb250ZW50XC91cGxvYWRzXC8yMDIxXC8xMVwvbGFtYWlzb25kZXRhbmdlcl9qYXJkaW4tcm9vZnRvcF8wMTg0LmpwZyIsInNsaWRlc2hvdyI6IjM5ZmRmNjQ3In0%3D\">\n\t\t\t\t\t<div class=\"e-gallery-image elementor-gallery-item__image\" data-thumbnail=\"https:\/\/lamaisondetanger.com\/wp-content\/uploads\/2021\/11\/lamaisondetanger_jardin-rooftop_0184-1024x683.jpg\" data-width=\"1024\" data-height=\"683\" aria-label=\"\" role=\"img\" ><\/div>\n\t\t\t\t\t\t\t\t\t\t\t<div class=\"elementor-gallery-item__overlay\"><\/div>\n\t\t\t\t\t\t\t\t\t\t\t\t\t\t<\/a>\n\t\t\t\t\t\t\t<a class=\"e-gallery-item elementor-gallery-item elementor-animated-content\" href=\"https:\/\/lamaisondetanger.com\/wp-content\/uploads\/2021\/11\/20171026_morocco_05_birds0011.jpg\" data-elementor-open-lightbox=\"yes\" data-elementor-lightbox-slideshow=\"39fdf647\" data-e-action-hash=\"#elementor-action%3Aaction%3Dlightbox%26settings%3DeyJpZCI6MzYyMCwidXJsIjoiaHR0cHM6XC9cL2xhbWFpc29uZGV0YW5nZXIuY29tXC93cC1jb250ZW50XC91cGxvYWRzXC8yMDIxXC8xMVwvMjAxNzEwMjZfbW9yb2Njb18wNV9iaXJkczAwMTEuanBnIiwic2xpZGVzaG93IjoiMzlmZGY2NDcifQ%3D%3D\">\n\t\t\t\t\t<div class=\"e-gallery-image elementor-gallery-item__image\" data-thumbnail=\"https:\/\/lamaisondetanger.com\/wp-content\/uploads\/2021\/11\/20171026_morocco_05_birds0011.jpg\" data-width=\"1000\" data-height=\"1000\" aria-label=\"\" role=\"img\" ><\/div>\n\t\t\t\t\t\t\t\t\t\t\t<div class=\"elementor-gallery-item__overlay\"><\/div>\n\t\t\t\t\t\t\t\t\t\t\t\t\t\t<\/a>\n\t\t\t\t\t\t\t<a class=\"e-gallery-item elementor-gallery-item elementor-animated-content\" href=\"https:\/\/lamaisondetanger.com\/wp-content\/uploads\/2021\/11\/lamaisondetanger_specialevening_0041.jpg\" data-elementor-open-lightbox=\"yes\" data-elementor-lightbox-slideshow=\"39fdf647\" data-e-action-hash=\"#elementor-action%3Aaction%3Dlightbox%26settings%3DeyJpZCI6Mzc0MiwidXJsIjoiaHR0cHM6XC9cL2xhbWFpc29uZGV0YW5nZXIuY29tXC93cC1jb250ZW50XC91cGxvYWRzXC8yMDIxXC8xMVwvbGFtYWlzb25kZXRhbmdlcl9zcGVjaWFsZXZlbmluZ18wMDQxLmpwZyIsInNsaWRlc2hvdyI6IjM5ZmRmNjQ3In0%3D\">\n\t\t\t\t\t<div class=\"e-gallery-image elementor-gallery-item__image\" data-thumbnail=\"https:\/\/lamaisondetanger.com\/wp-content\/uploads\/2021\/11\/lamaisondetanger_specialevening_0041-684x1024.jpg\" data-width=\"684\" data-height=\"1024\" aria-label=\"\" role=\"img\" ><\/div>\n\t\t\t\t\t\t\t\t\t\t\t<div class=\"elementor-gallery-item__overlay\"><\/div>\n\t\t\t\t\t\t\t\t\t\t\t\t\t\t<\/a>\n\t\t\t\t\t\t\t<a class=\"e-gallery-item elementor-gallery-item elementor-animated-content\" href=\"https:\/\/lamaisondetanger.com\/wp-content\/uploads\/2021\/11\/lamaisondetanger_jardin-rooftop_0260.jpg\" data-elementor-open-lightbox=\"yes\" data-elementor-lightbox-slideshow=\"39fdf647\" data-e-action-hash=\"#elementor-action%3Aaction%3Dlightbox%26settings%3DeyJpZCI6Mzc0MywidXJsIjoiaHR0cHM6XC9cL2xhbWFpc29uZGV0YW5nZXIuY29tXC93cC1jb250ZW50XC91cGxvYWRzXC8yMDIxXC8xMVwvbGFtYWlzb25kZXRhbmdlcl9qYXJkaW4tcm9vZnRvcF8wMjYwLmpwZyIsInNsaWRlc2hvdyI6IjM5ZmRmNjQ3In0%3D\">\n\t\t\t\t\t<div class=\"e-gallery-image elementor-gallery-item__image\" data-thumbnail=\"https:\/\/lamaisondetanger.com\/wp-content\/uploads\/2021\/11\/lamaisondetanger_jardin-rooftop_0260-1024x683.jpg\" data-width=\"1024\" data-height=\"683\" aria-label=\"\" role=\"img\" ><\/div>\n\t\t\t\t\t\t\t\t\t\t\t<div class=\"elementor-gallery-item__overlay\"><\/div>\n\t\t\t\t\t\t\t\t\t\t\t\t\t\t<\/a>\n\t\t\t\t\t\t\t<a class=\"e-gallery-item elementor-gallery-item elementor-animated-content\" href=\"https:\/\/lamaisondetanger.com\/wp-content\/uploads\/2021\/11\/lamaisondetanger_specialevening_0072.jpg\" data-elementor-open-lightbox=\"yes\" data-elementor-lightbox-slideshow=\"39fdf647\" data-e-action-hash=\"#elementor-action%3Aaction%3Dlightbox%26settings%3DeyJpZCI6Mzc0NSwidXJsIjoiaHR0cHM6XC9cL2xhbWFpc29uZGV0YW5nZXIuY29tXC93cC1jb250ZW50XC91cGxvYWRzXC8yMDIxXC8xMVwvbGFtYWlzb25kZXRhbmdlcl9zcGVjaWFsZXZlbmluZ18wMDcyLmpwZyIsInNsaWRlc2hvdyI6IjM5ZmRmNjQ3In0%3D\">\n\t\t\t\t\t<div class=\"e-gallery-image elementor-gallery-item__image\" data-thumbnail=\"https:\/\/lamaisondetanger.com\/wp-content\/uploads\/2021\/11\/lamaisondetanger_specialevening_0072-1024x684.jpg\" data-width=\"1024\" data-height=\"684\" aria-label=\"\" role=\"img\" ><\/div>\n\t\t\t\t\t\t\t\t\t\t\t<div class=\"elementor-gallery-item__overlay\"><\/div>\n\t\t\t\t\t\t\t\t\t\t\t\t\t\t<\/a>\n\t\t\t\t\t\t\t<a class=\"e-gallery-item elementor-gallery-item elementor-animated-content\" href=\"https:\/\/lamaisondetanger.com\/wp-content\/uploads\/2021\/11\/lamaisondetanger_specialevening_withdarnour2_0105.jpg\" data-elementor-open-lightbox=\"yes\" data-elementor-lightbox-slideshow=\"39fdf647\" data-e-action-hash=\"#elementor-action%3Aaction%3Dlightbox%26settings%3DeyJpZCI6Mzc0NiwidXJsIjoiaHR0cHM6XC9cL2xhbWFpc29uZGV0YW5nZXIuY29tXC93cC1jb250ZW50XC91cGxvYWRzXC8yMDIxXC8xMVwvbGFtYWlzb25kZXRhbmdlcl9zcGVjaWFsZXZlbmluZ193aXRoZGFybm91cjJfMDEwNS5qcGciLCJzbGlkZXNob3ciOiIzOWZkZjY0NyJ9\">\n\t\t\t\t\t<div class=\"e-gallery-image elementor-gallery-item__image\" data-thumbnail=\"https:\/\/lamaisondetanger.com\/wp-content\/uploads\/2021\/11\/lamaisondetanger_specialevening_withdarnour2_0105-684x1024.jpg\" data-width=\"684\" data-height=\"1024\" aria-label=\"\" role=\"img\" ><\/div>\n\t\t\t\t\t\t\t\t\t\t\t<div class=\"elementor-gallery-item__overlay\"><\/div>\n\t\t\t\t\t\t\t\t\t\t\t\t\t\t<\/a>\n\t\t\t\t\t\t\t<a class=\"e-gallery-item elementor-gallery-item elementor-animated-content\" href=\"https:\/\/lamaisondetanger.com\/wp-content\/uploads\/2021\/11\/lamaisondetanger_jardin-rooftop_0272.jpg\" data-elementor-open-lightbox=\"yes\" data-elementor-lightbox-slideshow=\"39fdf647\" data-e-action-hash=\"#elementor-action%3Aaction%3Dlightbox%26settings%3DeyJpZCI6Mzc0NywidXJsIjoiaHR0cHM6XC9cL2xhbWFpc29uZGV0YW5nZXIuY29tXC93cC1jb250ZW50XC91cGxvYWRzXC8yMDIxXC8xMVwvbGFtYWlzb25kZXRhbmdlcl9qYXJkaW4tcm9vZnRvcF8wMjcyLmpwZyIsInNsaWRlc2hvdyI6IjM5ZmRmNjQ3In0%3D\">\n\t\t\t\t\t<div class=\"e-gallery-image elementor-gallery-item__image\" data-thumbnail=\"https:\/\/lamaisondetanger.com\/wp-content\/uploads\/2021\/11\/lamaisondetanger_jardin-rooftop_0272-683x1024.jpg\" data-width=\"683\" data-height=\"1024\" aria-label=\"\" role=\"img\" ><\/div>\n\t\t\t\t\t\t\t\t\t\t\t<div class=\"elementor-gallery-item__overlay\"><\/div>\n\t\t\t\t\t\t\t\t\t\t\t\t\t\t<\/a>\n\t\t\t\t\t<\/div>\n\t\t\t\t\t<\/div>\n\t\t\t\t<\/div>\n\t\t\t\t<div class=\"elementor-element elementor-element-f438390 elementor-align-center elementor-widget elementor-widget-button\" data-id=\"f438390\" data-element_type=\"widget\" data-e-type=\"widget\" data-widget_type=\"button.default\">\n\t\t\t\t<div class=\"elementor-widget-container\">\n\t\t\t\t\t\t\t\t\t<div class=\"elementor-button-wrapper\">\n\t\t\t\t\t<a class=\"elementor-button elementor-button-link elementor-size-sm\" href=\"https:\/\/lamaisondetanger.com\/fr\/book-now\/\">\n\t\t\t\t\t\t<span class=\"elementor-button-content-wrapper\">\n\t\t\t\t\t\t\t\t\t<span class=\"elementor-button-text\">R\u00e9servez votre s\u00e9jour avec nous<\/span>\n\t\t\t\t\t<\/span>\n\t\t\t\t\t<\/a>\n\t\t\t\t<\/div>\n\t\t\t\t\t\t\t\t<\/div>\n\t\t\t\t<\/div>\n\t\t\t\t\t<\/div>\n\t\t<\/div>\n\t\t\t\t\t<\/div>\n\t\t<\/section>\n\t\t\t\t<\/div>","protected":false},"excerpt":{"rendered":"<p>Our Rooftop For lovers of sun and idleness, the guest house has furnished its roof terrace. Greenery, pergola, large benches, deckchairs, sea view, birdsong, all the ingredients are there to awaken the senses. Guests can enjoy their breakfast, have a quiet drink, or chat with their neighbors. Whether sunbathing or in the shade, this is &#8230; <a title=\"La terrasse\" class=\"read-more\" href=\"https:\/\/lamaisondetanger.com\/fr\/the-rooftop\/\" aria-label=\"En savoir plus sur The Rooftop\">Lire la suite<\/a><\/p>","protected":false},"author":12,"featured_media":0,"parent":0,"menu_order":0,"comment_status":"closed","ping_status":"closed","template":"","meta":{"_eb_attr":"","footnotes":""},"class_list":["post-3753","page","type-page","status-publish"],"_links":{"self":[{"href":"https:\/\/lamaisondetanger.com\/fr\/wp-json\/wp\/v2\/pages\/3753","targetHints":{"allow":["GET"]}}],"collection":[{"href":"https:\/\/lamaisondetanger.com\/fr\/wp-json\/wp\/v2\/pages"}],"about":[{"href":"https:\/\/lamaisondetanger.com\/fr\/wp-json\/wp\/v2\/types\/page"}],"author":[{"embeddable":true,"href":"https:\/\/lamaisondetanger.com\/fr\/wp-json\/wp\/v2\/users\/12"}],"replies":[{"embeddable":true,"href":"https:\/\/lamaisondetanger.com\/fr\/wp-json\/wp\/v2\/comments?post=3753"}],"version-history":[{"count":10,"href":"https:\/\/lamaisondetanger.com\/fr\/wp-json\/wp\/v2\/pages\/3753\/revisions"}],"predecessor-version":[{"id":5715,"href":"https:\/\/lamaisondetanger.com\/fr\/wp-json\/wp\/v2\/pages\/3753\/revisions\/5715"}],"wp:attachment":[{"href":"https:\/\/lamaisondetanger.com\/fr\/wp-json\/wp\/v2\/media?parent=3753"}],"curies":[{"name":"wp","href":"https:\/\/api.w.org\/{rel}","templated":true}]}}