{"id":3710,"date":"2021-11-18T22:16:09","date_gmt":"2021-11-18T22:16:09","guid":{"rendered":"https:\/\/lamaisondetanger.com\/?page_id=3710"},"modified":"2026-01-30T02:16:24","modified_gmt":"2026-01-30T02:16:24","slug":"the-garden-and-pool","status":"publish","type":"page","link":"https:\/\/lamaisondetanger.com\/fr\/the-garden-and-pool\/","title":{"rendered":"Le jardin et la piscine"},"content":{"rendered":"<div data-elementor-type=\"wp-page\" data-elementor-id=\"3710\" class=\"elementor elementor-3710\" data-elementor-post-type=\"page\">\n\t\t\t\t\t\t<section data-particle_enable=\"false\" data-particle-mobile-disabled=\"false\" class=\"elementor-section elementor-top-section elementor-element elementor-element-90cb182 elementor-section-boxed elementor-section-height-default elementor-section-height-default\" data-id=\"90cb182\" data-element_type=\"section\" data-e-type=\"section\">\n\t\t\t\t\t\t<div class=\"elementor-container elementor-column-gap-default\">\n\t\t\t\t\t<div class=\"elementor-column elementor-col-100 elementor-top-column elementor-element elementor-element-a17ddd9\" data-id=\"a17ddd9\" data-element_type=\"column\" data-e-type=\"column\">\n\t\t\t<div class=\"elementor-widget-wrap elementor-element-populated\">\n\t\t\t\t\t\t<div class=\"elementor-element elementor-element-3a47c12 elementor-widget elementor-widget-spacer\" data-id=\"3a47c12\" data-element_type=\"widget\" data-e-type=\"widget\" data-widget_type=\"spacer.default\">\n\t\t\t\t<div class=\"elementor-widget-container\">\n\t\t\t\t\t\t\t<div class=\"elementor-spacer\">\n\t\t\t<div class=\"elementor-spacer-inner\"><\/div>\n\t\t<\/div>\n\t\t\t\t\t\t<\/div>\n\t\t\t\t<\/div>\n\t\t\t\t<div class=\"elementor-element elementor-element-72910735 elementor-widget elementor-widget-heading\" data-id=\"72910735\" data-element_type=\"widget\" data-e-type=\"widget\" data-widget_type=\"heading.default\">\n\t\t\t\t<div class=\"elementor-widget-container\">\n\t\t\t\t\t<h2 class=\"elementor-heading-title elementor-size-default\">Notre piscine et notre jardin<\/h2>\t\t\t\t<\/div>\n\t\t\t\t<\/div>\n\t\t\t\t<div class=\"elementor-element elementor-element-1329985c elementor-widget elementor-widget-text-editor\" data-id=\"1329985c\" data-element_type=\"widget\" data-e-type=\"widget\" data-widget_type=\"text-editor.default\">\n\t\t\t\t<div class=\"elementor-widget-container\">\n\t\t\t\t\t\t\t\t\t<p>La Maison de Tanger abrite en son centre un somptueux jardin de 600 m2 avec piscine, v\u00e9ritable \u00ab eden \u00bb qui fait le bonheur de ses h\u00f4tes !<\/p><p>Accessible depuis le salon, la salle \u00e0 manger et les \u00e9tages de la maison, vous y trouverez un palmier centenaire, de nombreux orangers, un immense caoutchouc, une multitude de fleurs et d\u2019autres plantes vertes.<\/p><p>Aux beaux jours, la maison d\u2019h\u00f4tes propose de servir les repas, petits d\u00e9jeuners et d\u00eeners sur demande, dans le jardin,  loin de l\u2019agitation du Grand Socco.<\/p>\t\t\t\t\t\t\t\t<\/div>\n\t\t\t\t<\/div>\n\t\t\t\t\t<\/div>\n\t\t<\/div>\n\t\t\t\t\t<\/div>\n\t\t<\/section>\n\t\t\t\t<section data-particle_enable=\"false\" data-particle-mobile-disabled=\"false\" class=\"elementor-section elementor-top-section elementor-element elementor-element-281cdcdd elementor-section-boxed elementor-section-height-default elementor-section-height-default\" data-id=\"281cdcdd\" data-element_type=\"section\" data-e-type=\"section\">\n\t\t\t\t\t\t<div class=\"elementor-container elementor-column-gap-default\">\n\t\t\t\t\t<div class=\"elementor-column elementor-col-100 elementor-top-column elementor-element elementor-element-6270893d\" data-id=\"6270893d\" data-element_type=\"column\" data-e-type=\"column\">\n\t\t\t<div class=\"elementor-widget-wrap elementor-element-populated\">\n\t\t\t\t\t\t<div class=\"elementor-element elementor-element-513e1ee4 elementor-widget elementor-widget-gallery\" data-id=\"513e1ee4\" data-element_type=\"widget\" data-e-type=\"widget\" data-settings=\"{&quot;gallery_layout&quot;:&quot;justified&quot;,&quot;ideal_row_height&quot;:{&quot;unit&quot;:&quot;px&quot;,&quot;size&quot;:377,&quot;sizes&quot;:[]},&quot;ideal_row_height_mobile&quot;:{&quot;unit&quot;:&quot;px&quot;,&quot;size&quot;:200,&quot;sizes&quot;:[]},&quot;lazyload&quot;:&quot;yes&quot;,&quot;ideal_row_height_tablet&quot;:{&quot;unit&quot;:&quot;px&quot;,&quot;size&quot;:150,&quot;sizes&quot;:[]},&quot;gap&quot;:{&quot;unit&quot;:&quot;px&quot;,&quot;size&quot;:10,&quot;sizes&quot;:[]},&quot;gap_tablet&quot;:{&quot;unit&quot;:&quot;px&quot;,&quot;size&quot;:10,&quot;sizes&quot;:[]},&quot;gap_mobile&quot;:{&quot;unit&quot;:&quot;px&quot;,&quot;size&quot;:10,&quot;sizes&quot;:[]},&quot;link_to&quot;:&quot;file&quot;,&quot;overlay_background&quot;:&quot;yes&quot;,&quot;content_hover_animation&quot;:&quot;fade-in&quot;}\" data-widget_type=\"gallery.default\">\n\t\t\t\t<div class=\"elementor-widget-container\">\n\t\t\t\t\t\t\t<div class=\"elementor-gallery__container\">\n\t\t\t\t\t\t\t<a class=\"e-gallery-item elementor-gallery-item elementor-animated-content\" href=\"https:\/\/lamaisondetanger.com\/wp-content\/uploads\/2021\/11\/lamaisondetanger_gallery_spaces_12.jpg\" data-elementor-open-lightbox=\"yes\" data-elementor-lightbox-slideshow=\"513e1ee4\" data-e-action-hash=\"#elementor-action%3Aaction%3Dlightbox%26settings%3DeyJpZCI6MzY3NywidXJsIjoiaHR0cHM6XC9cL2xhbWFpc29uZGV0YW5nZXIuY29tXC93cC1jb250ZW50XC91cGxvYWRzXC8yMDIxXC8xMVwvbGFtYWlzb25kZXRhbmdlcl9nYWxsZXJ5X3NwYWNlc18xMi5qcGciLCJzbGlkZXNob3ciOiI1MTNlMWVlNCJ9\">\n\t\t\t\t\t<div class=\"e-gallery-image elementor-gallery-item__image\" data-thumbnail=\"https:\/\/lamaisondetanger.com\/wp-content\/uploads\/2021\/11\/lamaisondetanger_gallery_spaces_12-1024x1024.jpg\" data-width=\"1024\" data-height=\"1024\" aria-label=\"\" role=\"img\" ><\/div>\n\t\t\t\t\t\t\t\t\t\t\t<div class=\"elementor-gallery-item__overlay\"><\/div>\n\t\t\t\t\t\t\t\t\t\t\t\t\t\t<\/a>\n\t\t\t\t\t\t\t<a class=\"e-gallery-item elementor-gallery-item elementor-animated-content\" href=\"https:\/\/lamaisondetanger.com\/wp-content\/uploads\/2021\/11\/lamaisondetanger_gallery_spaces_10.jpg\" data-elementor-open-lightbox=\"yes\" data-elementor-lightbox-slideshow=\"513e1ee4\" data-e-action-hash=\"#elementor-action%3Aaction%3Dlightbox%26settings%3DeyJpZCI6MzY3NSwidXJsIjoiaHR0cHM6XC9cL2xhbWFpc29uZGV0YW5nZXIuY29tXC93cC1jb250ZW50XC91cGxvYWRzXC8yMDIxXC8xMVwvbGFtYWlzb25kZXRhbmdlcl9nYWxsZXJ5X3NwYWNlc18xMC5qcGciLCJzbGlkZXNob3ciOiI1MTNlMWVlNCJ9\">\n\t\t\t\t\t<div class=\"e-gallery-image elementor-gallery-item__image\" data-thumbnail=\"https:\/\/lamaisondetanger.com\/wp-content\/uploads\/2021\/11\/lamaisondetanger_gallery_spaces_10-1024x684.jpg\" data-width=\"1024\" data-height=\"684\" aria-label=\"\" role=\"img\" ><\/div>\n\t\t\t\t\t\t\t\t\t\t\t<div class=\"elementor-gallery-item__overlay\"><\/div>\n\t\t\t\t\t\t\t\t\t\t\t\t\t\t<\/a>\n\t\t\t\t\t\t\t<a class=\"e-gallery-item elementor-gallery-item elementor-animated-content\" href=\"https:\/\/lamaisondetanger.com\/wp-content\/uploads\/2021\/11\/lamaisondetanger_jardin-rooftop_0099.jpg\" data-elementor-open-lightbox=\"yes\" data-elementor-lightbox-slideshow=\"513e1ee4\" data-e-action-hash=\"#elementor-action%3Aaction%3Dlightbox%26settings%3DeyJpZCI6MzY5MywidXJsIjoiaHR0cHM6XC9cL2xhbWFpc29uZGV0YW5nZXIuY29tXC93cC1jb250ZW50XC91cGxvYWRzXC8yMDIxXC8xMVwvbGFtYWlzb25kZXRhbmdlcl9qYXJkaW4tcm9vZnRvcF8wMDk5LmpwZyIsInNsaWRlc2hvdyI6IjUxM2UxZWU0In0%3D\">\n\t\t\t\t\t<div class=\"e-gallery-image elementor-gallery-item__image\" data-thumbnail=\"https:\/\/lamaisondetanger.com\/wp-content\/uploads\/2021\/11\/lamaisondetanger_jardin-rooftop_0099-683x1024.jpg\" data-width=\"683\" data-height=\"1024\" aria-label=\"\" role=\"img\" ><\/div>\n\t\t\t\t\t\t\t\t\t\t\t<div class=\"elementor-gallery-item__overlay\"><\/div>\n\t\t\t\t\t\t\t\t\t\t\t\t\t\t<\/a>\n\t\t\t\t\t\t\t<a class=\"e-gallery-item elementor-gallery-item elementor-animated-content\" href=\"https:\/\/lamaisondetanger.com\/wp-content\/uploads\/2021\/11\/lamaisondetanger_jardin-rooftop_0167.jpg\" data-elementor-open-lightbox=\"yes\" data-elementor-lightbox-slideshow=\"513e1ee4\" data-e-action-hash=\"#elementor-action%3Aaction%3Dlightbox%26settings%3DeyJpZCI6MzY5NCwidXJsIjoiaHR0cHM6XC9cL2xhbWFpc29uZGV0YW5nZXIuY29tXC93cC1jb250ZW50XC91cGxvYWRzXC8yMDIxXC8xMVwvbGFtYWlzb25kZXRhbmdlcl9qYXJkaW4tcm9vZnRvcF8wMTY3LmpwZyIsInNsaWRlc2hvdyI6IjUxM2UxZWU0In0%3D\">\n\t\t\t\t\t<div class=\"e-gallery-image elementor-gallery-item__image\" data-thumbnail=\"https:\/\/lamaisondetanger.com\/wp-content\/uploads\/2021\/11\/lamaisondetanger_jardin-rooftop_0167-1024x683.jpg\" data-width=\"1024\" data-height=\"683\" aria-label=\"\" role=\"img\" ><\/div>\n\t\t\t\t\t\t\t\t\t\t\t<div class=\"elementor-gallery-item__overlay\"><\/div>\n\t\t\t\t\t\t\t\t\t\t\t\t\t\t<\/a>\n\t\t\t\t\t\t\t<a class=\"e-gallery-item elementor-gallery-item elementor-animated-content\" href=\"https:\/\/lamaisondetanger.com\/wp-content\/uploads\/2021\/11\/lamaisondetanger_gallery_spaces_11.jpg\" data-elementor-open-lightbox=\"yes\" data-elementor-lightbox-slideshow=\"513e1ee4\" data-e-action-hash=\"#elementor-action%3Aaction%3Dlightbox%26settings%3DeyJpZCI6MzY3NiwidXJsIjoiaHR0cHM6XC9cL2xhbWFpc29uZGV0YW5nZXIuY29tXC93cC1jb250ZW50XC91cGxvYWRzXC8yMDIxXC8xMVwvbGFtYWlzb25kZXRhbmdlcl9nYWxsZXJ5X3NwYWNlc18xMS5qcGciLCJzbGlkZXNob3ciOiI1MTNlMWVlNCJ9\">\n\t\t\t\t\t<div class=\"e-gallery-image elementor-gallery-item__image\" data-thumbnail=\"https:\/\/lamaisondetanger.com\/wp-content\/uploads\/2021\/11\/lamaisondetanger_gallery_spaces_11-683x1024.jpg\" data-width=\"683\" data-height=\"1024\" aria-label=\"\" role=\"img\" ><\/div>\n\t\t\t\t\t\t\t\t\t\t\t<div class=\"elementor-gallery-item__overlay\"><\/div>\n\t\t\t\t\t\t\t\t\t\t\t\t\t\t<\/a>\n\t\t\t\t\t\t\t<a class=\"e-gallery-item elementor-gallery-item elementor-animated-content\" href=\"https:\/\/lamaisondetanger.com\/wp-content\/uploads\/2021\/11\/mdt-jardin-51-1.jpg\" data-elementor-open-lightbox=\"yes\" data-elementor-lightbox-slideshow=\"513e1ee4\" data-e-action-hash=\"#elementor-action%3Aaction%3Dlightbox%26settings%3DeyJpZCI6MzY5NSwidXJsIjoiaHR0cHM6XC9cL2xhbWFpc29uZGV0YW5nZXIuY29tXC93cC1jb250ZW50XC91cGxvYWRzXC8yMDIxXC8xMVwvbWR0LWphcmRpbi01MS0xLmpwZyIsInNsaWRlc2hvdyI6IjUxM2UxZWU0In0%3D\">\n\t\t\t\t\t<div class=\"e-gallery-image elementor-gallery-item__image\" data-thumbnail=\"https:\/\/lamaisondetanger.com\/wp-content\/uploads\/2021\/11\/mdt-jardin-51-1-1024x683.jpg\" data-width=\"1024\" data-height=\"683\" aria-label=\"\" role=\"img\" ><\/div>\n\t\t\t\t\t\t\t\t\t\t\t<div class=\"elementor-gallery-item__overlay\"><\/div>\n\t\t\t\t\t\t\t\t\t\t\t\t\t\t<\/a>\n\t\t\t\t\t\t\t<a class=\"e-gallery-item elementor-gallery-item elementor-animated-content\" href=\"https:\/\/lamaisondetanger.com\/wp-content\/uploads\/2021\/11\/mdt-jardin-16-1.jpg\" data-elementor-open-lightbox=\"yes\" data-elementor-lightbox-slideshow=\"513e1ee4\" data-e-action-hash=\"#elementor-action%3Aaction%3Dlightbox%26settings%3DeyJpZCI6MzY5NiwidXJsIjoiaHR0cHM6XC9cL2xhbWFpc29uZGV0YW5nZXIuY29tXC93cC1jb250ZW50XC91cGxvYWRzXC8yMDIxXC8xMVwvbWR0LWphcmRpbi0xNi0xLmpwZyIsInNsaWRlc2hvdyI6IjUxM2UxZWU0In0%3D\">\n\t\t\t\t\t<div class=\"e-gallery-image elementor-gallery-item__image\" data-thumbnail=\"https:\/\/lamaisondetanger.com\/wp-content\/uploads\/2021\/11\/mdt-jardin-16-1-1024x684.jpg\" data-width=\"1024\" data-height=\"684\" aria-label=\"\" role=\"img\" ><\/div>\n\t\t\t\t\t\t\t\t\t\t\t<div class=\"elementor-gallery-item__overlay\"><\/div>\n\t\t\t\t\t\t\t\t\t\t\t\t\t\t<\/a>\n\t\t\t\t\t\t\t<a class=\"e-gallery-item elementor-gallery-item elementor-animated-content\" href=\"https:\/\/lamaisondetanger.com\/wp-content\/uploads\/2021\/11\/lamaisondetanger_jardin-rooftop_0108.jpg\" data-elementor-open-lightbox=\"yes\" data-elementor-lightbox-slideshow=\"513e1ee4\" data-e-action-hash=\"#elementor-action%3Aaction%3Dlightbox%26settings%3DeyJpZCI6MzY5NywidXJsIjoiaHR0cHM6XC9cL2xhbWFpc29uZGV0YW5nZXIuY29tXC93cC1jb250ZW50XC91cGxvYWRzXC8yMDIxXC8xMVwvbGFtYWlzb25kZXRhbmdlcl9qYXJkaW4tcm9vZnRvcF8wMTA4LmpwZyIsInNsaWRlc2hvdyI6IjUxM2UxZWU0In0%3D\">\n\t\t\t\t\t<div class=\"e-gallery-image elementor-gallery-item__image\" data-thumbnail=\"https:\/\/lamaisondetanger.com\/wp-content\/uploads\/2021\/11\/lamaisondetanger_jardin-rooftop_0108-1024x683.jpg\" data-width=\"1024\" data-height=\"683\" aria-label=\"\" role=\"img\" ><\/div>\n\t\t\t\t\t\t\t\t\t\t\t<div class=\"elementor-gallery-item__overlay\"><\/div>\n\t\t\t\t\t\t\t\t\t\t\t\t\t\t<\/a>\n\t\t\t\t\t\t\t<a class=\"e-gallery-item elementor-gallery-item elementor-animated-content\" href=\"https:\/\/lamaisondetanger.com\/wp-content\/uploads\/2021\/11\/lamaisondetanger_gallery_spaces_09.jpg\" data-elementor-open-lightbox=\"yes\" data-elementor-lightbox-slideshow=\"513e1ee4\" data-e-action-hash=\"#elementor-action%3Aaction%3Dlightbox%26settings%3DeyJpZCI6MzY3NCwidXJsIjoiaHR0cHM6XC9cL2xhbWFpc29uZGV0YW5nZXIuY29tXC93cC1jb250ZW50XC91cGxvYWRzXC8yMDIxXC8xMVwvbGFtYWlzb25kZXRhbmdlcl9nYWxsZXJ5X3NwYWNlc18wOS5qcGciLCJzbGlkZXNob3ciOiI1MTNlMWVlNCJ9\">\n\t\t\t\t\t<div class=\"e-gallery-image elementor-gallery-item__image\" data-thumbnail=\"https:\/\/lamaisondetanger.com\/wp-content\/uploads\/2021\/11\/lamaisondetanger_gallery_spaces_09-683x1024.jpg\" data-width=\"683\" data-height=\"1024\" aria-label=\"\" role=\"img\" ><\/div>\n\t\t\t\t\t\t\t\t\t\t\t<div class=\"elementor-gallery-item__overlay\"><\/div>\n\t\t\t\t\t\t\t\t\t\t\t\t\t\t<\/a>\n\t\t\t\t\t\t\t<a class=\"e-gallery-item elementor-gallery-item elementor-animated-content\" href=\"https:\/\/lamaisondetanger.com\/wp-content\/uploads\/2021\/11\/lamaisondetanger_piscine_0033.jpg\" data-elementor-open-lightbox=\"yes\" data-elementor-lightbox-slideshow=\"513e1ee4\" data-e-action-hash=\"#elementor-action%3Aaction%3Dlightbox%26settings%3DeyJpZCI6MzY5OCwidXJsIjoiaHR0cHM6XC9cL2xhbWFpc29uZGV0YW5nZXIuY29tXC93cC1jb250ZW50XC91cGxvYWRzXC8yMDIxXC8xMVwvbGFtYWlzb25kZXRhbmdlcl9waXNjaW5lXzAwMzMuanBnIiwic2xpZGVzaG93IjoiNTEzZTFlZTQifQ%3D%3D\">\n\t\t\t\t\t<div class=\"e-gallery-image elementor-gallery-item__image\" data-thumbnail=\"https:\/\/lamaisondetanger.com\/wp-content\/uploads\/2021\/11\/lamaisondetanger_piscine_0033-683x1024.jpg\" data-width=\"683\" data-height=\"1024\" aria-label=\"\" role=\"img\" ><\/div>\n\t\t\t\t\t\t\t\t\t\t\t<div class=\"elementor-gallery-item__overlay\"><\/div>\n\t\t\t\t\t\t\t\t\t\t\t\t\t\t<\/a>\n\t\t\t\t\t\t\t<a class=\"e-gallery-item elementor-gallery-item elementor-animated-content\" href=\"https:\/\/lamaisondetanger.com\/wp-content\/uploads\/2021\/11\/lamaisondetanger_piscine_0040.jpg\" data-elementor-open-lightbox=\"yes\" data-elementor-lightbox-slideshow=\"513e1ee4\" data-e-action-hash=\"#elementor-action%3Aaction%3Dlightbox%26settings%3DeyJpZCI6MzY5OSwidXJsIjoiaHR0cHM6XC9cL2xhbWFpc29uZGV0YW5nZXIuY29tXC93cC1jb250ZW50XC91cGxvYWRzXC8yMDIxXC8xMVwvbGFtYWlzb25kZXRhbmdlcl9waXNjaW5lXzAwNDAuanBnIiwic2xpZGVzaG93IjoiNTEzZTFlZTQifQ%3D%3D\">\n\t\t\t\t\t<div class=\"e-gallery-image elementor-gallery-item__image\" data-thumbnail=\"https:\/\/lamaisondetanger.com\/wp-content\/uploads\/2021\/11\/lamaisondetanger_piscine_0040-683x1024.jpg\" data-width=\"683\" data-height=\"1024\" aria-label=\"\" role=\"img\" ><\/div>\n\t\t\t\t\t\t\t\t\t\t\t<div class=\"elementor-gallery-item__overlay\"><\/div>\n\t\t\t\t\t\t\t\t\t\t\t\t\t\t<\/a>\n\t\t\t\t\t\t\t<a class=\"e-gallery-item elementor-gallery-item elementor-animated-content\" href=\"https:\/\/lamaisondetanger.com\/wp-content\/uploads\/2021\/11\/lamaisondetanger_gallery_spaces_04.jpg\" data-elementor-open-lightbox=\"yes\" data-elementor-lightbox-slideshow=\"513e1ee4\" data-e-action-hash=\"#elementor-action%3Aaction%3Dlightbox%26settings%3DeyJpZCI6MzY2OSwidXJsIjoiaHR0cHM6XC9cL2xhbWFpc29uZGV0YW5nZXIuY29tXC93cC1jb250ZW50XC91cGxvYWRzXC8yMDIxXC8xMVwvbGFtYWlzb25kZXRhbmdlcl9nYWxsZXJ5X3NwYWNlc18wNC5qcGciLCJzbGlkZXNob3ciOiI1MTNlMWVlNCJ9\">\n\t\t\t\t\t<div class=\"e-gallery-image elementor-gallery-item__image\" data-thumbnail=\"https:\/\/lamaisondetanger.com\/wp-content\/uploads\/2021\/11\/lamaisondetanger_gallery_spaces_04-683x1024.jpg\" data-width=\"683\" data-height=\"1024\" aria-label=\"\" role=\"img\" ><\/div>\n\t\t\t\t\t\t\t\t\t\t\t<div class=\"elementor-gallery-item__overlay\"><\/div>\n\t\t\t\t\t\t\t\t\t\t\t\t\t\t<\/a>\n\t\t\t\t\t\t\t<a class=\"e-gallery-item elementor-gallery-item elementor-animated-content\" href=\"https:\/\/lamaisondetanger.com\/wp-content\/uploads\/2021\/11\/lamaisondetanger_dinner_0900.jpg\" data-elementor-open-lightbox=\"yes\" data-elementor-lightbox-slideshow=\"513e1ee4\" data-e-action-hash=\"#elementor-action%3Aaction%3Dlightbox%26settings%3DeyJpZCI6MzcwMCwidXJsIjoiaHR0cHM6XC9cL2xhbWFpc29uZGV0YW5nZXIuY29tXC93cC1jb250ZW50XC91cGxvYWRzXC8yMDIxXC8xMVwvbGFtYWlzb25kZXRhbmdlcl9kaW5uZXJfMDkwMC5qcGciLCJzbGlkZXNob3ciOiI1MTNlMWVlNCJ9\">\n\t\t\t\t\t<div class=\"e-gallery-image elementor-gallery-item__image\" data-thumbnail=\"https:\/\/lamaisondetanger.com\/wp-content\/uploads\/2021\/11\/lamaisondetanger_dinner_0900-684x1024.jpg\" data-width=\"684\" data-height=\"1024\" aria-label=\"\" role=\"img\" ><\/div>\n\t\t\t\t\t\t\t\t\t\t\t<div class=\"elementor-gallery-item__overlay\"><\/div>\n\t\t\t\t\t\t\t\t\t\t\t\t\t\t<\/a>\n\t\t\t\t\t\t\t<a class=\"e-gallery-item elementor-gallery-item elementor-animated-content\" href=\"https:\/\/lamaisondetanger.com\/wp-content\/uploads\/2021\/11\/lamaisondetanger_dinner_0657.jpg\" data-elementor-open-lightbox=\"yes\" data-elementor-lightbox-slideshow=\"513e1ee4\" data-e-action-hash=\"#elementor-action%3Aaction%3Dlightbox%26settings%3DeyJpZCI6MzcwMSwidXJsIjoiaHR0cHM6XC9cL2xhbWFpc29uZGV0YW5nZXIuY29tXC93cC1jb250ZW50XC91cGxvYWRzXC8yMDIxXC8xMVwvbGFtYWlzb25kZXRhbmdlcl9kaW5uZXJfMDY1Ny5qcGciLCJzbGlkZXNob3ciOiI1MTNlMWVlNCJ9\">\n\t\t\t\t\t<div class=\"e-gallery-image elementor-gallery-item__image\" data-thumbnail=\"https:\/\/lamaisondetanger.com\/wp-content\/uploads\/2021\/11\/lamaisondetanger_dinner_0657-1024x684.jpg\" data-width=\"1024\" data-height=\"684\" aria-label=\"\" role=\"img\" ><\/div>\n\t\t\t\t\t\t\t\t\t\t\t<div class=\"elementor-gallery-item__overlay\"><\/div>\n\t\t\t\t\t\t\t\t\t\t\t\t\t\t<\/a>\n\t\t\t\t\t\t\t<a class=\"e-gallery-item elementor-gallery-item elementor-animated-content\" href=\"https:\/\/lamaisondetanger.com\/wp-content\/uploads\/2021\/11\/lamaisondetanger_gallery_spaces_01.jpg\" data-elementor-open-lightbox=\"yes\" data-elementor-lightbox-slideshow=\"513e1ee4\" data-e-action-hash=\"#elementor-action%3Aaction%3Dlightbox%26settings%3DeyJpZCI6MzY2NiwidXJsIjoiaHR0cHM6XC9cL2xhbWFpc29uZGV0YW5nZXIuY29tXC93cC1jb250ZW50XC91cGxvYWRzXC8yMDIxXC8xMVwvbGFtYWlzb25kZXRhbmdlcl9nYWxsZXJ5X3NwYWNlc18wMS5qcGciLCJzbGlkZXNob3ciOiI1MTNlMWVlNCJ9\">\n\t\t\t\t\t<div class=\"e-gallery-image elementor-gallery-item__image\" data-thumbnail=\"https:\/\/lamaisondetanger.com\/wp-content\/uploads\/2021\/11\/lamaisondetanger_gallery_spaces_01-683x1024.jpg\" data-width=\"683\" data-height=\"1024\" aria-label=\"\" role=\"img\" ><\/div>\n\t\t\t\t\t\t\t\t\t\t\t<div class=\"elementor-gallery-item__overlay\"><\/div>\n\t\t\t\t\t\t\t\t\t\t\t\t\t\t<\/a>\n\t\t\t\t\t\t\t<a class=\"e-gallery-item elementor-gallery-item elementor-animated-content\" href=\"https:\/\/lamaisondetanger.com\/wp-content\/uploads\/2021\/11\/lamaisondetanger_jardin-rooftop_0102.jpg\" data-elementor-open-lightbox=\"yes\" data-elementor-lightbox-slideshow=\"513e1ee4\" data-e-action-hash=\"#elementor-action%3Aaction%3Dlightbox%26settings%3DeyJpZCI6MzcwMiwidXJsIjoiaHR0cHM6XC9cL2xhbWFpc29uZGV0YW5nZXIuY29tXC93cC1jb250ZW50XC91cGxvYWRzXC8yMDIxXC8xMVwvbGFtYWlzb25kZXRhbmdlcl9qYXJkaW4tcm9vZnRvcF8wMTAyLmpwZyIsInNsaWRlc2hvdyI6IjUxM2UxZWU0In0%3D\">\n\t\t\t\t\t<div class=\"e-gallery-image elementor-gallery-item__image\" data-thumbnail=\"https:\/\/lamaisondetanger.com\/wp-content\/uploads\/2021\/11\/lamaisondetanger_jardin-rooftop_0102-1024x683.jpg\" data-width=\"1024\" data-height=\"683\" aria-label=\"\" role=\"img\" ><\/div>\n\t\t\t\t\t\t\t\t\t\t\t<div class=\"elementor-gallery-item__overlay\"><\/div>\n\t\t\t\t\t\t\t\t\t\t\t\t\t\t<\/a>\n\t\t\t\t\t\t\t<a class=\"e-gallery-item elementor-gallery-item elementor-animated-content\" href=\"https:\/\/lamaisondetanger.com\/wp-content\/uploads\/2021\/11\/lamaisondetanger_specialevening_0078.jpg\" data-elementor-open-lightbox=\"yes\" data-elementor-lightbox-slideshow=\"513e1ee4\" data-e-action-hash=\"#elementor-action%3Aaction%3Dlightbox%26settings%3DeyJpZCI6MzcwMywidXJsIjoiaHR0cHM6XC9cL2xhbWFpc29uZGV0YW5nZXIuY29tXC93cC1jb250ZW50XC91cGxvYWRzXC8yMDIxXC8xMVwvbGFtYWlzb25kZXRhbmdlcl9zcGVjaWFsZXZlbmluZ18wMDc4LmpwZyIsInNsaWRlc2hvdyI6IjUxM2UxZWU0In0%3D\">\n\t\t\t\t\t<div class=\"e-gallery-image elementor-gallery-item__image\" data-thumbnail=\"https:\/\/lamaisondetanger.com\/wp-content\/uploads\/2021\/11\/lamaisondetanger_specialevening_0078-683x1024.jpg\" data-width=\"683\" data-height=\"1024\" aria-label=\"\" role=\"img\" ><\/div>\n\t\t\t\t\t\t\t\t\t\t\t<div class=\"elementor-gallery-item__overlay\"><\/div>\n\t\t\t\t\t\t\t\t\t\t\t\t\t\t<\/a>\n\t\t\t\t\t\t\t<a class=\"e-gallery-item elementor-gallery-item elementor-animated-content\" href=\"https:\/\/lamaisondetanger.com\/wp-content\/uploads\/2021\/11\/lamaisondetanger_jardin-rooftop_0252.jpg\" data-elementor-open-lightbox=\"yes\" data-elementor-lightbox-slideshow=\"513e1ee4\" data-e-action-hash=\"#elementor-action%3Aaction%3Dlightbox%26settings%3DeyJpZCI6MzcwNCwidXJsIjoiaHR0cHM6XC9cL2xhbWFpc29uZGV0YW5nZXIuY29tXC93cC1jb250ZW50XC91cGxvYWRzXC8yMDIxXC8xMVwvbGFtYWlzb25kZXRhbmdlcl9qYXJkaW4tcm9vZnRvcF8wMjUyLmpwZyIsInNsaWRlc2hvdyI6IjUxM2UxZWU0In0%3D\">\n\t\t\t\t\t<div class=\"e-gallery-image elementor-gallery-item__image\" data-thumbnail=\"https:\/\/lamaisondetanger.com\/wp-content\/uploads\/2021\/11\/lamaisondetanger_jardin-rooftop_0252-683x1024.jpg\" data-width=\"683\" data-height=\"1024\" aria-label=\"\" role=\"img\" ><\/div>\n\t\t\t\t\t\t\t\t\t\t\t<div class=\"elementor-gallery-item__overlay\"><\/div>\n\t\t\t\t\t\t\t\t\t\t\t\t\t\t<\/a>\n\t\t\t\t\t<\/div>\n\t\t\t\t\t<\/div>\n\t\t\t\t<\/div>\n\t\t\t\t<div class=\"elementor-element elementor-element-13b4b264 elementor-align-center elementor-widget elementor-widget-button\" data-id=\"13b4b264\" data-element_type=\"widget\" data-e-type=\"widget\" data-widget_type=\"button.default\">\n\t\t\t\t<div class=\"elementor-widget-container\">\n\t\t\t\t\t\t\t\t\t<div class=\"elementor-button-wrapper\">\n\t\t\t\t\t<a class=\"elementor-button elementor-button-link elementor-size-sm\" href=\"https:\/\/lamaisondetanger.com\/fr\/book-now\/\">\n\t\t\t\t\t\t<span class=\"elementor-button-content-wrapper\">\n\t\t\t\t\t\t\t\t\t<span class=\"elementor-button-text\">R\u00e9servez votre s\u00e9jour avec nous<\/span>\n\t\t\t\t\t<\/span>\n\t\t\t\t\t<\/a>\n\t\t\t\t<\/div>\n\t\t\t\t\t\t\t\t<\/div>\n\t\t\t\t<\/div>\n\t\t\t\t\t<\/div>\n\t\t<\/div>\n\t\t\t\t\t<\/div>\n\t\t<\/section>\n\t\t\t\t<\/div>","protected":false},"excerpt":{"rendered":"<p>OUR POOL &amp; GARDEN In the heart of La Maison de Tanger is a luxuriant 600 m2 garden with swimming pool, a veritable Eden which never fails to delight guests! Accessible via the lounge, dining room and from the guesthouse\u2019s upper-floors, the garden features a one-hundred-year-old palm tree, many orange trees, a vast rubber tree, &#8230; <a title=\"Le jardin et la piscine\" class=\"read-more\" href=\"https:\/\/lamaisondetanger.com\/fr\/the-garden-and-pool\/\" aria-label=\"En savoir plus sur The Garden &#038; Pool\">Lire la suite<\/a><\/p>","protected":false},"author":12,"featured_media":0,"parent":0,"menu_order":0,"comment_status":"closed","ping_status":"closed","template":"","meta":{"_eb_attr":"","footnotes":""},"class_list":["post-3710","page","type-page","status-publish"],"_links":{"self":[{"href":"https:\/\/lamaisondetanger.com\/fr\/wp-json\/wp\/v2\/pages\/3710","targetHints":{"allow":["GET"]}}],"collection":[{"href":"https:\/\/lamaisondetanger.com\/fr\/wp-json\/wp\/v2\/pages"}],"about":[{"href":"https:\/\/lamaisondetanger.com\/fr\/wp-json\/wp\/v2\/types\/page"}],"author":[{"embeddable":true,"href":"https:\/\/lamaisondetanger.com\/fr\/wp-json\/wp\/v2\/users\/12"}],"replies":[{"embeddable":true,"href":"https:\/\/lamaisondetanger.com\/fr\/wp-json\/wp\/v2\/comments?post=3710"}],"version-history":[{"count":10,"href":"https:\/\/lamaisondetanger.com\/fr\/wp-json\/wp\/v2\/pages\/3710\/revisions"}],"predecessor-version":[{"id":5703,"href":"https:\/\/lamaisondetanger.com\/fr\/wp-json\/wp\/v2\/pages\/3710\/revisions\/5703"}],"wp:attachment":[{"href":"https:\/\/lamaisondetanger.com\/fr\/wp-json\/wp\/v2\/media?parent=3710"}],"curies":[{"name":"wp","href":"https:\/\/api.w.org\/{rel}","templated":true}]}}