{"id":3691,"date":"2021-11-18T22:14:14","date_gmt":"2021-11-18T22:14:14","guid":{"rendered":"https:\/\/lamaisondetanger.com\/?page_id=3691"},"modified":"2026-01-30T02:14:43","modified_gmt":"2026-01-30T02:14:43","slug":"our-story","status":"publish","type":"page","link":"https:\/\/lamaisondetanger.com\/fr\/our-story\/","title":{"rendered":"Notre Histoire"},"content":{"rendered":"<div data-elementor-type=\"wp-page\" data-elementor-id=\"3691\" class=\"elementor elementor-3691\" data-elementor-post-type=\"page\">\n\t\t\t\t\t\t<section data-particle_enable=\"false\" data-particle-mobile-disabled=\"false\" class=\"elementor-section elementor-top-section elementor-element elementor-element-46c216c1 elementor-section-boxed elementor-section-height-default elementor-section-height-default\" data-id=\"46c216c1\" data-element_type=\"section\" data-e-type=\"section\">\n\t\t\t\t\t\t<div class=\"elementor-container elementor-column-gap-default\">\n\t\t\t\t\t<div class=\"elementor-column elementor-col-100 elementor-top-column elementor-element elementor-element-11462c9e\" data-id=\"11462c9e\" data-element_type=\"column\" data-e-type=\"column\">\n\t\t\t<div class=\"elementor-widget-wrap elementor-element-populated\">\n\t\t\t\t\t\t<div class=\"elementor-element elementor-element-6b457a57 elementor-widget elementor-widget-heading\" data-id=\"6b457a57\" data-element_type=\"widget\" data-e-type=\"widget\" data-widget_type=\"heading.default\">\n\t\t\t\t<div class=\"elementor-widget-container\">\n\t\t\t\t\t<h2 class=\"elementor-heading-title elementor-size-default\">\u00c0 la rencontre du propri\u00e9taire<\/h2>\t\t\t\t<\/div>\n\t\t\t\t<\/div>\n\t\t\t\t<div class=\"elementor-element elementor-element-358d8d75 elementor-widget elementor-widget-text-editor\" data-id=\"358d8d75\" data-element_type=\"widget\" data-e-type=\"widget\" data-widget_type=\"text-editor.default\">\n\t\t\t\t<div class=\"elementor-widget-container\">\n\t\t\t\t\t\t\t\t\t<p>Alex Henry Foster est un auteur-compositeur-interpr\u00e8te et musicien canadien, mieux connu pour \u00eatre le chanteur et porte-parole du groupe montr\u00e9alais Your Favorite Enemies. Le groupe a \u00e9t\u00e9 fond\u00e9 en 2006 et nomm\u00e9 aux Juno Awards pour leur album Between Illness and Migration en 2015. En 2018, Foster a annonc\u00e9 la sortie d'un premier album solo, Windows in the Sky, via Hopeful Tragedy Records. Son premier album solo a rejoint la premi\u00e8re place dans la cat\u00e9gorie \"Tous genres\" sur les palmar\u00e8s iTunes au Canada d\u00e8s sa premi\u00e8re semaine de lancement et a rejoint la sixi\u00e8me place dans le palmar\u00e8s canadien de Billboard d\u00e8s sa deuxi\u00e8me semaine de sortie. L'album \"Windows in the Sky\" de Alex Henry Foster a \u00e9galement \u00e9t\u00e9 nomm\u00e9 \u00e0 l'ADISQ pour la premi\u00e8re fois en 2019, dans la cat\u00e9gorie \"Album de l'ann\u00e9e - Anglophone\".<\/p>\t\t\t\t\t\t\t\t<\/div>\n\t\t\t\t<\/div>\n\t\t\t\t\t<\/div>\n\t\t<\/div>\n\t\t\t\t\t<\/div>\n\t\t<\/section>\n\t\t\t\t<section data-particle_enable=\"false\" data-particle-mobile-disabled=\"false\" class=\"elementor-section elementor-top-section elementor-element elementor-element-4999d1a3 elementor-section-boxed elementor-section-height-default elementor-section-height-default\" data-id=\"4999d1a3\" data-element_type=\"section\" data-e-type=\"section\">\n\t\t\t\t\t\t<div class=\"elementor-container elementor-column-gap-default\">\n\t\t\t\t\t<div class=\"elementor-column elementor-col-100 elementor-top-column elementor-element elementor-element-4e513883\" data-id=\"4e513883\" data-element_type=\"column\" data-e-type=\"column\">\n\t\t\t<div class=\"elementor-widget-wrap elementor-element-populated\">\n\t\t\t\t\t\t<div class=\"elementor-element elementor-element-3e2bf153 elementor-widget elementor-widget-image\" data-id=\"3e2bf153\" data-element_type=\"widget\" data-e-type=\"widget\" data-widget_type=\"image.default\">\n\t\t\t\t<div class=\"elementor-widget-container\">\n\t\t\t\t\t\t\t\t\t\t\t\t\t\t\t<img fetchpriority=\"high\" decoding=\"async\" width=\"1024\" height=\"683\" src=\"https:\/\/lamaisondetanger.com\/wp-content\/uploads\/2021\/11\/20160913_darnour_07_nightviews0003_edit3-1024x683.jpg\" class=\"attachment-large size-large wp-image-3688\" alt=\"\" srcset=\"https:\/\/lamaisondetanger.com\/wp-content\/uploads\/2021\/11\/20160913_darnour_07_nightviews0003_edit3-1024x683.jpg 1024w, https:\/\/lamaisondetanger.com\/wp-content\/uploads\/2021\/11\/20160913_darnour_07_nightviews0003_edit3-300x200.jpg 300w, https:\/\/lamaisondetanger.com\/wp-content\/uploads\/2021\/11\/20160913_darnour_07_nightviews0003_edit3-768x512.jpg 768w, https:\/\/lamaisondetanger.com\/wp-content\/uploads\/2021\/11\/20160913_darnour_07_nightviews0003_edit3-18x12.jpg 18w, https:\/\/lamaisondetanger.com\/wp-content\/uploads\/2021\/11\/20160913_darnour_07_nightviews0003_edit3.jpg 1200w\" sizes=\"(max-width: 1024px) 100vw, 1024px\" \/>\t\t\t\t\t\t\t\t\t\t\t\t\t\t\t<\/div>\n\t\t\t\t<\/div>\n\t\t\t\t\t<\/div>\n\t\t<\/div>\n\t\t\t\t\t<\/div>\n\t\t<\/section>\n\t\t\t\t<section data-particle_enable=\"false\" data-particle-mobile-disabled=\"false\" class=\"elementor-section elementor-top-section elementor-element elementor-element-7aaf304f elementor-section-boxed elementor-section-height-default elementor-section-height-default\" data-id=\"7aaf304f\" data-element_type=\"section\" data-e-type=\"section\">\n\t\t\t\t\t\t<div class=\"elementor-container elementor-column-gap-default\">\n\t\t\t\t\t<div class=\"elementor-column elementor-col-100 elementor-top-column elementor-element elementor-element-379d1ae4\" data-id=\"379d1ae4\" data-element_type=\"column\" data-e-type=\"column\">\n\t\t\t<div class=\"elementor-widget-wrap elementor-element-populated\">\n\t\t\t\t\t\t<div class=\"elementor-element elementor-element-7c7f4827 elementor-widget elementor-widget-heading\" data-id=\"7c7f4827\" data-element_type=\"widget\" data-e-type=\"widget\" data-widget_type=\"heading.default\">\n\t\t\t\t<div class=\"elementor-widget-container\">\n\t\t\t\t\t<h5 class=\"elementor-heading-title elementor-size-default\">Quelques mots d'Alex<\/h5>\t\t\t\t<\/div>\n\t\t\t\t<\/div>\n\t\t\t\t<div class=\"elementor-element elementor-element-5c04ddce elementor-widget elementor-widget-text-editor\" data-id=\"5c04ddce\" data-element_type=\"widget\" data-e-type=\"widget\" data-widget_type=\"text-editor.default\">\n\t\t\t\t<div class=\"elementor-widget-container\">\n\t\t\t\t\t\t\t\t\t<p>J\u2019ai l\u2019immense joie et honneur de vous annoncer qu'\u00e0 partir d'aujourd'hui, j'ai le privil\u00e8ge merveilleux et incommensurable d'\u00eatre le nouveau propri\u00e9taire, aux c\u00f4t\u00e9s de mon meilleur ami et fid\u00e8le complice Jeff, de l\u2019h\u00f4tel-boutique hautement estim\u00e9 et renomm\u00e9 La Maison de Tanger, situ\u00e9 au coeur de la vieille ville. C'est un r\u00eave que j'ai depuis un certain temps maintenant, un projet sur lequel nous avons activement commenc\u00e9 \u00e0 travailler en mars dernier et qui est devenu une r\u00e9alit\u00e9 improbable il y a seulement quelques semaines.<\/p>\n<p>Et, si ce n'\u00e9tait pas une r\u00e9alisation assez incroyable en soi, le 2 ao\u00fbt marque le 5\u00e8me anniversaire du moment o\u00f9 j'ai d\u00e9riv\u00e9 pour la premi\u00e8re fois \u00e0 Tanger, dans ce qui \u00e9tait une p\u00e9riode de grand d\u00e9sespoir pour moi. J'\u00e9tais non seulement \u00e9puis\u00e9 \u00e9motionnellement, physiquement et spirituellement, mais aussi incapable de voir beaucoup d'autres raisons de continuer mon existence plus longtemps. C'\u00e9tait ind\u00e9niablement le point le plus bas d'une tristesse sans fin en chute libre pour moi. Et dire que j'ai \u00e9t\u00e9 accueilli par la nature \u00e9blouissante de la ville apr\u00e8s avoir d\u00e9riv\u00e9 pendant si longtemps serait un euph\u00e9misme. C'est donc une sensation exaltante pour moi d'\u00e9crire actuellement ce message tout en m'impr\u00e9gnant de l'ambiance singuli\u00e8re de la ville et en regardant sa baie luxuriante de r\u00eave, assis sur la terrasse de l'h\u00f4tel, situ\u00e9e \u00e0 seulement quelques toits de l\u00e0 o\u00f9 j'\u00e9tais assis il y a 5 ans, faisant le deuil de mon p\u00e8re, essayant de trouver des r\u00e9ponses \u00e0 des questions que je n'avais jamais eu le courage de me poser auparavant, esp\u00e9rant donner un sens \u00e0 tout cela. Ces r\u00e9flexions sont ce qui allait donner vie \u00e0 mon premier album \"Windows in the Sky\".<\/p>\n<p>Si certains peuvent voir cette nouvelle entreprise comme une fa\u00e7on de boucler la boucle, je vois cette aventure comme une opportunit\u00e9 fabuleuse d'offrir un v\u00e9ritable abri \u00e0 tous ceux qui recherchent un endroit pour se reposer, pleurer, r\u00e9inventer leur vie, concevoir ou red\u00e9finir leur voyage personnel, autant que d'embrasser la vie, l'amour, l'amiti\u00e9 et tout ce avec quoi nous pourrions vouloir d\u00e9finir nos saisons \u00e0 venir. Et qui sait, nous aurons peut-\u00eatre le bonheur exaltant d'assister \u00e0 une nouvelle g\u00e9n\u00e9ration d'\u00e9crivains, de peintres, de musiciens et de visionnaires qui peuvent \u00eatre inspir\u00e9s par la g\u00e9n\u00e9rosit\u00e9 de la ville et \u00eatre touch\u00e9s par les gens qui font de Tanger l'un des endroits les plus magnifiquement uniques dans le monde, en constante \u00e9volution. J'ai foi en l'entit\u00e9 humaine et culturelle de la ville, o\u00f9 tout le monde est quelqu'un, o\u00f9 chaque visiteur est invit\u00e9 \u00e0 \u00eatre un ami \u00e9ternel, peu importe qui nous \u00e9tions lorsque nous avons d\u00e9riv\u00e9 \u00e0 ses pieds, toujours le bienvenu pour revenir, peu importe qui nous pouvons \u00eatre devenu apr\u00e8s notre passage en son sein. Tous transform\u00e9s, ne serait-ce qu'un peu, par son essence fluide. C'est du moins ce qu'est Tanger pour moi, et pour tant d'autres aussi : une ville refuge intemporelle mais \u00e9ternelle qui coule \u00e0 son rythme\u2026 Libre.&nbsp; &nbsp; &nbsp;<\/p>\n<p>Je souhaite que cette nouvelle et son improbabilit\u00e9 pleine d'espoir soient un encouragement r\u00e9confortant pour vous, mes chers et pr\u00e9cieux amis. C'est l'un des nombreux autres t\u00e9moignages vivants que toutes les possibilit\u00e9s de revivification et de restauration ne sont pas perdues \u00e0 jamais, m\u00eame lorsque nous sommes incapables de nous retrouver ou de trouver une raison de croire que demain pourrait jamais venir avec juste assez de promesses pour que l'aube se l\u00e8ve \u00e0 nouveau. N'abandonnez pas\u2026 Tanger, qui a \u00e9t\u00e9 tant de fois abandonn\u00e9e dans le pass\u00e9, offre d\u00e9sormais un spectacle \u00e9poustouflant \u00e0 tous, flamboyant et radieux comme jamais auparavant.<\/p>\n<p>Avec amour,<br>Alex<\/p>\t\t\t\t\t\t\t\t<\/div>\n\t\t\t\t<\/div>\n\t\t\t\t<div class=\"elementor-element elementor-element-2b2e4fdd elementor-align-center elementor-widget elementor-widget-button\" data-id=\"2b2e4fdd\" data-element_type=\"widget\" data-e-type=\"widget\" data-widget_type=\"button.default\">\n\t\t\t\t<div class=\"elementor-widget-container\">\n\t\t\t\t\t\t\t\t\t<div class=\"elementor-button-wrapper\">\n\t\t\t\t\t<a class=\"elementor-button elementor-button-link elementor-size-sm\" href=\"https:\/\/alexhenryfoster.com\/\" target=\"_blank\" rel=\"nofollow\">\n\t\t\t\t\t\t<span class=\"elementor-button-content-wrapper\">\n\t\t\t\t\t\t\t\t\t<span class=\"elementor-button-text\">En savoir plus sur Alex<\/span>\n\t\t\t\t\t<\/span>\n\t\t\t\t\t<\/a>\n\t\t\t\t<\/div>\n\t\t\t\t\t\t\t\t<\/div>\n\t\t\t\t<\/div>\n\t\t\t\t\t<\/div>\n\t\t<\/div>\n\t\t\t\t\t<\/div>\n\t\t<\/section>\n\t\t\t\t<\/div>","protected":false},"excerpt":{"rendered":"<p>MEET THE OWNER Alex Henry Foster is a Canadian artist, singer, musician, writer and activist, best known for being the singer and frontman of the Montreal band Your Favorite Enemies. The band was founded in 2006 and nominated for a Juno Award for their album Between Illness and Migration in 2015. In 2018, Foster announced &#8230; <a title=\"Notre Histoire\" class=\"read-more\" href=\"https:\/\/lamaisondetanger.com\/fr\/our-story\/\" aria-label=\"En savoir plus sur Our Story\">Lire la suite<\/a><\/p>","protected":false},"author":12,"featured_media":0,"parent":0,"menu_order":0,"comment_status":"closed","ping_status":"closed","template":"","meta":{"_eb_attr":"","footnotes":""},"class_list":["post-3691","page","type-page","status-publish"],"_links":{"self":[{"href":"https:\/\/lamaisondetanger.com\/fr\/wp-json\/wp\/v2\/pages\/3691","targetHints":{"allow":["GET"]}}],"collection":[{"href":"https:\/\/lamaisondetanger.com\/fr\/wp-json\/wp\/v2\/pages"}],"about":[{"href":"https:\/\/lamaisondetanger.com\/fr\/wp-json\/wp\/v2\/types\/page"}],"author":[{"embeddable":true,"href":"https:\/\/lamaisondetanger.com\/fr\/wp-json\/wp\/v2\/users\/12"}],"replies":[{"embeddable":true,"href":"https:\/\/lamaisondetanger.com\/fr\/wp-json\/wp\/v2\/comments?post=3691"}],"version-history":[{"count":19,"href":"https:\/\/lamaisondetanger.com\/fr\/wp-json\/wp\/v2\/pages\/3691\/revisions"}],"predecessor-version":[{"id":5700,"href":"https:\/\/lamaisondetanger.com\/fr\/wp-json\/wp\/v2\/pages\/3691\/revisions\/5700"}],"wp:attachment":[{"href":"https:\/\/lamaisondetanger.com\/fr\/wp-json\/wp\/v2\/media?parent=3691"}],"curies":[{"name":"wp","href":"https:\/\/api.w.org\/{rel}","templated":true}]}}